{"id":5842,"date":"2017-05-12T14:43:27","date_gmt":"2017-05-12T21:43:27","guid":{"rendered":"https:\/\/50.63.167.6\/~iecirugiaplastic\/?page_id=664"},"modified":"2018-08-20T08:32:08","modified_gmt":"2018-08-20T15:32:08","slug":"butt-lift-fat-grafting","status":"publish","type":"page","link":"https:\/\/inlandbreastandbody.com\/es\/body-procedures-inland-empire\/butt-lift-fat-grafting\/","title":{"rendered":"Levantamiento de Gl\u00fateos y Trasferencia de Grasa"},"content":{"rendered":"<p>A veces la apariencia deseada no se puede lograr con s\u00f3lo el injerto de la grasa. Cuando hay un exceso de piel, eso debe corregirse primero. Se corrige al levantar el tejido flojo a su lugar correcto y al quitar el tejido de sobra. Luego, despu\u00e9s del levantamiento y la excisi\u00f3n de la piel, se puede aumentar el tama\u00f1o (volumen) de los gl\u00fateos con el injerto de grasa. Este enfoque dual es poderoso porque restaura gl\u00fateos juveniles y elegantes.<\/p>\n","protected":false},"excerpt":{"rendered":"<p>A veces la apariencia deseada no se puede lograr con s\u00f3lo el injerto de la grasa. Cuando hay un exceso de piel, eso debe corregirse primero. Se corrige al levantar el tejido flojo a su lugar correcto y al quitar el tejido de sobra. Luego, despu\u00e9s del levantamiento y la excisi\u00f3n de la piel, se [&hellip;]<\/p>\n","protected":false},"author":1,"featured_media":0,"parent":643,"menu_order":0,"comment_status":"closed","ping_status":"closed","template":"","meta":{"_acf_changed":false,"footnotes":""},"class_list":["post-5842","page","type-page","status-publish","hentry"],"acf":[],"yoast_head":"<!-- This site is optimized with the Yoast SEO plugin v26.9 - https:\/\/yoast.com\/product\/yoast-seo-wordpress\/ -->\n<title>Levantamiento de Gl\u00fateos y Trasferencia de Grasa - Inland Empire | Dr. Troy Andreasen<\/title>\n<meta name=\"robots\" content=\"index, follow, max-snippet:-1, max-image-preview:large, max-video-preview:-1\" \/>\n<link rel=\"canonical\" href=\"https:\/\/inlandbreastandbody.com\/es\/body-procedures-inland-empire\/butt-lift-fat-grafting\/\" \/>\n<meta property=\"og:locale\" content=\"en_US\" \/>\n<meta property=\"og:type\" content=\"article\" \/>\n<meta property=\"og:title\" content=\"Levantamiento de Gl\u00fateos y Trasferencia de Grasa - Inland Empire | Dr. Troy Andreasen\" \/>\n<meta property=\"og:description\" content=\"A veces la apariencia deseada no se puede lograr con s\u00f3lo el injerto de la grasa. Cuando hay un exceso de piel, eso debe corregirse primero. Se corrige al levantar el tejido flojo a su lugar correcto y al quitar el tejido de sobra. Luego, despu\u00e9s del levantamiento y la excisi\u00f3n de la piel, se [&hellip;]\" \/>\n<meta property=\"og:url\" content=\"https:\/\/inlandbreastandbody.com\/es\/body-procedures-inland-empire\/butt-lift-fat-grafting\/\" \/>\n<meta property=\"og:site_name\" content=\"Troy J. Andreasen, M.D. Board Certified Plastic Surgeon Inland Empire, Cosmetic Surgery Specialist\" \/>\n<meta property=\"article:modified_time\" content=\"2018-08-20T15:32:08+00:00\" \/>\n<meta name=\"twitter:card\" content=\"summary_large_image\" \/>\n<script type=\"application\/ld+json\" class=\"yoast-schema-graph\">{\"@context\":\"https:\/\/schema.org\",\"@graph\":[{\"@type\":\"WebPage\",\"@id\":\"https:\/\/inlandbreastandbody.com\/es\/body-procedures-inland-empire\/butt-lift-fat-grafting\/\",\"url\":\"https:\/\/inlandbreastandbody.com\/es\/body-procedures-inland-empire\/butt-lift-fat-grafting\/\",\"name\":\"Levantamiento de Gl\u00fateos y Trasferencia de Grasa - Inland Empire | Dr. Troy Andreasen\",\"isPartOf\":{\"@id\":\"https:\/\/inlandbreastandbody.com\/es\/#website\"},\"datePublished\":\"2017-05-12T21:43:27+00:00\",\"dateModified\":\"2018-08-20T15:32:08+00:00\",\"breadcrumb\":{\"@id\":\"https:\/\/inlandbreastandbody.com\/es\/body-procedures-inland-empire\/butt-lift-fat-grafting\/#breadcrumb\"},\"inLanguage\":\"en-US\",\"potentialAction\":[{\"@type\":\"ReadAction\",\"target\":[\"https:\/\/inlandbreastandbody.com\/es\/body-procedures-inland-empire\/butt-lift-fat-grafting\/\"]}]},{\"@type\":\"BreadcrumbList\",\"@id\":\"https:\/\/inlandbreastandbody.com\/es\/body-procedures-inland-empire\/butt-lift-fat-grafting\/#breadcrumb\",\"itemListElement\":[{\"@type\":\"ListItem\",\"position\":1,\"name\":\"Procedimientos Corporales\",\"item\":\"https:\/\/inlandbreastandbody.com\/es\/body-procedures-inland-empire\/\"},{\"@type\":\"ListItem\",\"position\":2,\"name\":\"Levantamiento de Gl\u00fateos y Trasferencia de Grasa\"}]},{\"@type\":\"WebSite\",\"@id\":\"https:\/\/inlandbreastandbody.com\/es\/#website\",\"url\":\"https:\/\/inlandbreastandbody.com\/es\/\",\"name\":\"Troy J. Andreasen, M.D. Board Certified Plastic Surgeon Inland Empire, Cosmetic Surgery Specialist\",\"description\":\"Inland Empire&#039;s Premier Breast And Body Surgeon\",\"potentialAction\":[{\"@type\":\"SearchAction\",\"target\":{\"@type\":\"EntryPoint\",\"urlTemplate\":\"https:\/\/inlandbreastandbody.com\/es\/?s={search_term_string}\"},\"query-input\":{\"@type\":\"PropertyValueSpecification\",\"valueRequired\":true,\"valueName\":\"search_term_string\"}}],\"inLanguage\":\"en-US\"}]}<\/script>\n<!-- \/ Yoast SEO plugin. -->","yoast_head_json":{"title":"Levantamiento de Gl\u00fateos y Trasferencia de Grasa - Inland Empire | Dr. Troy Andreasen","robots":{"index":"index","follow":"follow","max-snippet":"max-snippet:-1","max-image-preview":"max-image-preview:large","max-video-preview":"max-video-preview:-1"},"canonical":"https:\/\/inlandbreastandbody.com\/es\/body-procedures-inland-empire\/butt-lift-fat-grafting\/","og_locale":"en_US","og_type":"article","og_title":"Levantamiento de Gl\u00fateos y Trasferencia de Grasa - Inland Empire | Dr. Troy Andreasen","og_description":"A veces la apariencia deseada no se puede lograr con s\u00f3lo el injerto de la grasa. Cuando hay un exceso de piel, eso debe corregirse primero. Se corrige al levantar el tejido flojo a su lugar correcto y al quitar el tejido de sobra. Luego, despu\u00e9s del levantamiento y la excisi\u00f3n de la piel, se [&hellip;]","og_url":"https:\/\/inlandbreastandbody.com\/es\/body-procedures-inland-empire\/butt-lift-fat-grafting\/","og_site_name":"Troy J. Andreasen, M.D. Board Certified Plastic Surgeon Inland Empire, Cosmetic Surgery Specialist","article_modified_time":"2018-08-20T15:32:08+00:00","twitter_card":"summary_large_image","schema":{"@context":"https:\/\/schema.org","@graph":[{"@type":"WebPage","@id":"https:\/\/inlandbreastandbody.com\/es\/body-procedures-inland-empire\/butt-lift-fat-grafting\/","url":"https:\/\/inlandbreastandbody.com\/es\/body-procedures-inland-empire\/butt-lift-fat-grafting\/","name":"Levantamiento de Gl\u00fateos y Trasferencia de Grasa - Inland Empire | Dr. Troy Andreasen","isPartOf":{"@id":"https:\/\/inlandbreastandbody.com\/es\/#website"},"datePublished":"2017-05-12T21:43:27+00:00","dateModified":"2018-08-20T15:32:08+00:00","breadcrumb":{"@id":"https:\/\/inlandbreastandbody.com\/es\/body-procedures-inland-empire\/butt-lift-fat-grafting\/#breadcrumb"},"inLanguage":"en-US","potentialAction":[{"@type":"ReadAction","target":["https:\/\/inlandbreastandbody.com\/es\/body-procedures-inland-empire\/butt-lift-fat-grafting\/"]}]},{"@type":"BreadcrumbList","@id":"https:\/\/inlandbreastandbody.com\/es\/body-procedures-inland-empire\/butt-lift-fat-grafting\/#breadcrumb","itemListElement":[{"@type":"ListItem","position":1,"name":"Procedimientos Corporales","item":"https:\/\/inlandbreastandbody.com\/es\/body-procedures-inland-empire\/"},{"@type":"ListItem","position":2,"name":"Levantamiento de Gl\u00fateos y Trasferencia de Grasa"}]},{"@type":"WebSite","@id":"https:\/\/inlandbreastandbody.com\/es\/#website","url":"https:\/\/inlandbreastandbody.com\/es\/","name":"Troy J. Andreasen, M.D. Board Certified Plastic Surgeon Inland Empire, Cosmetic Surgery Specialist","description":"Inland Empire&#039;s Premier Breast And Body Surgeon","potentialAction":[{"@type":"SearchAction","target":{"@type":"EntryPoint","urlTemplate":"https:\/\/inlandbreastandbody.com\/es\/?s={search_term_string}"},"query-input":{"@type":"PropertyValueSpecification","valueRequired":true,"valueName":"search_term_string"}}],"inLanguage":"en-US"}]}},"_links":{"self":[{"href":"https:\/\/inlandbreastandbody.com\/es\/wp-json\/wp\/v2\/pages\/5842","targetHints":{"allow":["GET"]}}],"collection":[{"href":"https:\/\/inlandbreastandbody.com\/es\/wp-json\/wp\/v2\/pages"}],"about":[{"href":"https:\/\/inlandbreastandbody.com\/es\/wp-json\/wp\/v2\/types\/page"}],"author":[{"embeddable":true,"href":"https:\/\/inlandbreastandbody.com\/es\/wp-json\/wp\/v2\/users\/1"}],"replies":[{"embeddable":true,"href":"https:\/\/inlandbreastandbody.com\/es\/wp-json\/wp\/v2\/comments?post=5842"}],"version-history":[{"count":3,"href":"https:\/\/inlandbreastandbody.com\/es\/wp-json\/wp\/v2\/pages\/5842\/revisions"}],"predecessor-version":[{"id":6046,"href":"https:\/\/inlandbreastandbody.com\/es\/wp-json\/wp\/v2\/pages\/5842\/revisions\/6046"}],"up":[{"embeddable":true,"href":"https:\/\/inlandbreastandbody.com\/es\/wp-json\/wp\/v2\/pages\/643"}],"wp:attachment":[{"href":"https:\/\/inlandbreastandbody.com\/es\/wp-json\/wp\/v2\/media?parent=5842"}],"curies":[{"name":"wp","href":"https:\/\/api.w.org\/{rel}","templated":true}]}}