{"id":5844,"date":"2017-05-12T14:49:07","date_gmt":"2017-05-12T21:49:07","guid":{"rendered":"https:\/\/50.63.167.6\/~iecirugiaplastic\/?page_id=671"},"modified":"2018-08-20T08:33:11","modified_gmt":"2018-08-20T15:33:11","slug":"massive-weight-loss-comprehensive-body-treatment","status":"publish","type":"page","link":"https:\/\/inlandbreastandbody.com\/es\/body-procedures-inland-empire\/massive-weight-loss-comprehensive-body-treatment\/","title":{"rendered":"P\u00e9rdida Masiva de Peso \/ Tratamiento Corporal"},"content":{"rendered":"<p>Primeramente, \u00a1FELICITACIONES por tu logro! Es lamentable que ese logro tan grande pueda crear un problema nuevo: un exceso grande de piel. Hay una mir\u00edada de procedimientos que PODR\u00cdAN realizarse (como un levantamiento de brazos, levantamiento de senos, eliminaci\u00f3n de la piel debajo del sost\u00e9n y los rollos de la espalda, levantamiento corporal, abdominoplast\u00eda extendida, y\/o levantamiento de muslos). Las opciones son confusas y frustrantes.<\/p>\n","protected":false},"excerpt":{"rendered":"<p>Primeramente, \u00a1FELICITACIONES por tu logro! Es lamentable que ese logro tan grande pueda crear un problema nuevo: un exceso grande de piel. Hay una mir\u00edada de procedimientos que PODR\u00cdAN realizarse (como un levantamiento de brazos, levantamiento de senos, eliminaci\u00f3n de la piel debajo del sost\u00e9n y los rollos de la espalda, levantamiento corporal, abdominoplast\u00eda extendida, [&hellip;]<\/p>\n","protected":false},"author":1,"featured_media":0,"parent":643,"menu_order":0,"comment_status":"closed","ping_status":"closed","template":"","meta":{"_acf_changed":false,"footnotes":""},"class_list":["post-5844","page","type-page","status-publish","hentry"],"acf":[],"yoast_head":"<!-- This site is optimized with the Yoast SEO plugin v26.9 - https:\/\/yoast.com\/product\/yoast-seo-wordpress\/ -->\n<title>P\u00e9rdida Masiva de Peso \/ Tratamiento Corporal - Inland Empire | Dr. Troy Andreasen<\/title>\n<meta name=\"robots\" content=\"index, follow, max-snippet:-1, max-image-preview:large, max-video-preview:-1\" \/>\n<link rel=\"canonical\" href=\"https:\/\/inlandbreastandbody.com\/es\/body-procedures-inland-empire\/massive-weight-loss-comprehensive-body-treatment\/\" \/>\n<meta property=\"og:locale\" content=\"en_US\" \/>\n<meta property=\"og:type\" content=\"article\" \/>\n<meta property=\"og:title\" content=\"P\u00e9rdida Masiva de Peso \/ Tratamiento Corporal - Inland Empire | Dr. Troy Andreasen\" \/>\n<meta property=\"og:description\" content=\"Primeramente, \u00a1FELICITACIONES por tu logro! Es lamentable que ese logro tan grande pueda crear un problema nuevo: un exceso grande de piel. Hay una mir\u00edada de procedimientos que PODR\u00cdAN realizarse (como un levantamiento de brazos, levantamiento de senos, eliminaci\u00f3n de la piel debajo del sost\u00e9n y los rollos de la espalda, levantamiento corporal, abdominoplast\u00eda extendida, [&hellip;]\" \/>\n<meta property=\"og:url\" content=\"https:\/\/inlandbreastandbody.com\/es\/body-procedures-inland-empire\/massive-weight-loss-comprehensive-body-treatment\/\" \/>\n<meta property=\"og:site_name\" content=\"Troy J. Andreasen, M.D. Board Certified Plastic Surgeon Inland Empire, Cosmetic Surgery Specialist\" \/>\n<meta property=\"article:modified_time\" content=\"2018-08-20T15:33:11+00:00\" \/>\n<meta name=\"twitter:card\" content=\"summary_large_image\" \/>\n<script type=\"application\/ld+json\" class=\"yoast-schema-graph\">{\"@context\":\"https:\/\/schema.org\",\"@graph\":[{\"@type\":\"WebPage\",\"@id\":\"https:\/\/inlandbreastandbody.com\/es\/body-procedures-inland-empire\/massive-weight-loss-comprehensive-body-treatment\/\",\"url\":\"https:\/\/inlandbreastandbody.com\/es\/body-procedures-inland-empire\/massive-weight-loss-comprehensive-body-treatment\/\",\"name\":\"P\u00e9rdida Masiva de Peso \/ Tratamiento Corporal - Inland Empire | Dr. Troy Andreasen\",\"isPartOf\":{\"@id\":\"https:\/\/inlandbreastandbody.com\/es\/#website\"},\"datePublished\":\"2017-05-12T21:49:07+00:00\",\"dateModified\":\"2018-08-20T15:33:11+00:00\",\"breadcrumb\":{\"@id\":\"https:\/\/inlandbreastandbody.com\/es\/body-procedures-inland-empire\/massive-weight-loss-comprehensive-body-treatment\/#breadcrumb\"},\"inLanguage\":\"en-US\",\"potentialAction\":[{\"@type\":\"ReadAction\",\"target\":[\"https:\/\/inlandbreastandbody.com\/es\/body-procedures-inland-empire\/massive-weight-loss-comprehensive-body-treatment\/\"]}]},{\"@type\":\"BreadcrumbList\",\"@id\":\"https:\/\/inlandbreastandbody.com\/es\/body-procedures-inland-empire\/massive-weight-loss-comprehensive-body-treatment\/#breadcrumb\",\"itemListElement\":[{\"@type\":\"ListItem\",\"position\":1,\"name\":\"Procedimientos Corporales\",\"item\":\"https:\/\/inlandbreastandbody.com\/es\/body-procedures-inland-empire\/\"},{\"@type\":\"ListItem\",\"position\":2,\"name\":\"P\u00e9rdida Masiva de Peso \/ Tratamiento Corporal\"}]},{\"@type\":\"WebSite\",\"@id\":\"https:\/\/inlandbreastandbody.com\/es\/#website\",\"url\":\"https:\/\/inlandbreastandbody.com\/es\/\",\"name\":\"Troy J. Andreasen, M.D. Board Certified Plastic Surgeon Inland Empire, Cosmetic Surgery Specialist\",\"description\":\"Inland Empire&#039;s Premier Breast And Body Surgeon\",\"potentialAction\":[{\"@type\":\"SearchAction\",\"target\":{\"@type\":\"EntryPoint\",\"urlTemplate\":\"https:\/\/inlandbreastandbody.com\/es\/?s={search_term_string}\"},\"query-input\":{\"@type\":\"PropertyValueSpecification\",\"valueRequired\":true,\"valueName\":\"search_term_string\"}}],\"inLanguage\":\"en-US\"}]}<\/script>\n<!-- \/ Yoast SEO plugin. -->","yoast_head_json":{"title":"P\u00e9rdida Masiva de Peso \/ Tratamiento Corporal - Inland Empire | Dr. Troy Andreasen","robots":{"index":"index","follow":"follow","max-snippet":"max-snippet:-1","max-image-preview":"max-image-preview:large","max-video-preview":"max-video-preview:-1"},"canonical":"https:\/\/inlandbreastandbody.com\/es\/body-procedures-inland-empire\/massive-weight-loss-comprehensive-body-treatment\/","og_locale":"en_US","og_type":"article","og_title":"P\u00e9rdida Masiva de Peso \/ Tratamiento Corporal - Inland Empire | Dr. Troy Andreasen","og_description":"Primeramente, \u00a1FELICITACIONES por tu logro! Es lamentable que ese logro tan grande pueda crear un problema nuevo: un exceso grande de piel. Hay una mir\u00edada de procedimientos que PODR\u00cdAN realizarse (como un levantamiento de brazos, levantamiento de senos, eliminaci\u00f3n de la piel debajo del sost\u00e9n y los rollos de la espalda, levantamiento corporal, abdominoplast\u00eda extendida, [&hellip;]","og_url":"https:\/\/inlandbreastandbody.com\/es\/body-procedures-inland-empire\/massive-weight-loss-comprehensive-body-treatment\/","og_site_name":"Troy J. Andreasen, M.D. Board Certified Plastic Surgeon Inland Empire, Cosmetic Surgery Specialist","article_modified_time":"2018-08-20T15:33:11+00:00","twitter_card":"summary_large_image","schema":{"@context":"https:\/\/schema.org","@graph":[{"@type":"WebPage","@id":"https:\/\/inlandbreastandbody.com\/es\/body-procedures-inland-empire\/massive-weight-loss-comprehensive-body-treatment\/","url":"https:\/\/inlandbreastandbody.com\/es\/body-procedures-inland-empire\/massive-weight-loss-comprehensive-body-treatment\/","name":"P\u00e9rdida Masiva de Peso \/ Tratamiento Corporal - Inland Empire | Dr. Troy Andreasen","isPartOf":{"@id":"https:\/\/inlandbreastandbody.com\/es\/#website"},"datePublished":"2017-05-12T21:49:07+00:00","dateModified":"2018-08-20T15:33:11+00:00","breadcrumb":{"@id":"https:\/\/inlandbreastandbody.com\/es\/body-procedures-inland-empire\/massive-weight-loss-comprehensive-body-treatment\/#breadcrumb"},"inLanguage":"en-US","potentialAction":[{"@type":"ReadAction","target":["https:\/\/inlandbreastandbody.com\/es\/body-procedures-inland-empire\/massive-weight-loss-comprehensive-body-treatment\/"]}]},{"@type":"BreadcrumbList","@id":"https:\/\/inlandbreastandbody.com\/es\/body-procedures-inland-empire\/massive-weight-loss-comprehensive-body-treatment\/#breadcrumb","itemListElement":[{"@type":"ListItem","position":1,"name":"Procedimientos Corporales","item":"https:\/\/inlandbreastandbody.com\/es\/body-procedures-inland-empire\/"},{"@type":"ListItem","position":2,"name":"P\u00e9rdida Masiva de Peso \/ Tratamiento Corporal"}]},{"@type":"WebSite","@id":"https:\/\/inlandbreastandbody.com\/es\/#website","url":"https:\/\/inlandbreastandbody.com\/es\/","name":"Troy J. Andreasen, M.D. Board Certified Plastic Surgeon Inland Empire, Cosmetic Surgery Specialist","description":"Inland Empire&#039;s Premier Breast And Body Surgeon","potentialAction":[{"@type":"SearchAction","target":{"@type":"EntryPoint","urlTemplate":"https:\/\/inlandbreastandbody.com\/es\/?s={search_term_string}"},"query-input":{"@type":"PropertyValueSpecification","valueRequired":true,"valueName":"search_term_string"}}],"inLanguage":"en-US"}]}},"_links":{"self":[{"href":"https:\/\/inlandbreastandbody.com\/es\/wp-json\/wp\/v2\/pages\/5844","targetHints":{"allow":["GET"]}}],"collection":[{"href":"https:\/\/inlandbreastandbody.com\/es\/wp-json\/wp\/v2\/pages"}],"about":[{"href":"https:\/\/inlandbreastandbody.com\/es\/wp-json\/wp\/v2\/types\/page"}],"author":[{"embeddable":true,"href":"https:\/\/inlandbreastandbody.com\/es\/wp-json\/wp\/v2\/users\/1"}],"replies":[{"embeddable":true,"href":"https:\/\/inlandbreastandbody.com\/es\/wp-json\/wp\/v2\/comments?post=5844"}],"version-history":[{"count":3,"href":"https:\/\/inlandbreastandbody.com\/es\/wp-json\/wp\/v2\/pages\/5844\/revisions"}],"predecessor-version":[{"id":6048,"href":"https:\/\/inlandbreastandbody.com\/es\/wp-json\/wp\/v2\/pages\/5844\/revisions\/6048"}],"up":[{"embeddable":true,"href":"https:\/\/inlandbreastandbody.com\/es\/wp-json\/wp\/v2\/pages\/643"}],"wp:attachment":[{"href":"https:\/\/inlandbreastandbody.com\/es\/wp-json\/wp\/v2\/media?parent=5844"}],"curies":[{"name":"wp","href":"https:\/\/api.w.org\/{rel}","templated":true}]}}