{"id":627,"date":"2017-05-12T14:16:39","date_gmt":"2017-05-12T21:16:39","guid":{"rendered":"https:\/\/50.63.167.6\/~iecirugiaplastic\/?page_id=627"},"modified":"2023-08-23T08:37:22","modified_gmt":"2023-08-23T15:37:22","slug":"inland-empire-plastic-surgeon","status":"publish","type":"page","link":"https:\/\/inlandbreastandbody.com\/es\/inland-empire-plastic-surgeon\/","title":{"rendered":"Dr. Troy J. Andreasen"},"content":{"rendered":"<p>EL Dr. Andreasen ha estado en la pr\u00e1ctica privada de cirug\u00eda pl\u00e1stica en el \u00e1rea del Inland Empire desde 2001. Desde ese tiempo, su cl\u00ednica se ha convertido en una de las cl\u00ednicas de cirug\u00eda pl\u00e1stica m\u00e1s grandes del Sur de California, y sigue con el compromiso de proveer atenci\u00f3n personalizada y mantener la calidad m\u00e1s alta de servicio.<\/p>\n","protected":false},"excerpt":{"rendered":"<p>EL Dr. Andreasen ha estado en la pr\u00e1ctica privada de cirug\u00eda pl\u00e1stica en el \u00e1rea del Inland Empire desde 2001. Desde ese tiempo, su cl\u00ednica se ha convertido en una de las cl\u00ednicas de cirug\u00eda pl\u00e1stica m\u00e1s grandes del Sur de California, y sigue con el compromiso de proveer atenci\u00f3n personalizada y mantener la calidad [&hellip;]<\/p>\n","protected":false},"author":1,"featured_media":0,"parent":0,"menu_order":0,"comment_status":"closed","ping_status":"closed","template":"","meta":{"_acf_changed":false,"footnotes":""},"class_list":["post-627","page","type-page","status-publish","hentry"],"acf":[],"yoast_head":"<!-- This site is optimized with the Yoast SEO plugin v26.9 - https:\/\/yoast.com\/product\/yoast-seo-wordpress\/ -->\n<title>Dr. Troy J. Andreasen - Inland Empire | Dr. Troy Andreasen<\/title>\n<meta name=\"robots\" content=\"index, follow, max-snippet:-1, max-image-preview:large, max-video-preview:-1\" \/>\n<link rel=\"canonical\" href=\"https:\/\/inlandbreastandbody.com\/es\/inland-empire-plastic-surgeon\/\" \/>\n<meta property=\"og:locale\" content=\"en_US\" \/>\n<meta property=\"og:type\" content=\"article\" \/>\n<meta property=\"og:title\" content=\"Dr. Troy J. Andreasen - Inland Empire | Dr. Troy Andreasen\" \/>\n<meta property=\"og:description\" content=\"EL Dr. Andreasen ha estado en la pr\u00e1ctica privada de cirug\u00eda pl\u00e1stica en el \u00e1rea del Inland Empire desde 2001. Desde ese tiempo, su cl\u00ednica se ha convertido en una de las cl\u00ednicas de cirug\u00eda pl\u00e1stica m\u00e1s grandes del Sur de California, y sigue con el compromiso de proveer atenci\u00f3n personalizada y mantener la calidad [&hellip;]\" \/>\n<meta property=\"og:url\" content=\"https:\/\/inlandbreastandbody.com\/es\/inland-empire-plastic-surgeon\/\" \/>\n<meta property=\"og:site_name\" content=\"Troy J. Andreasen, M.D. Board Certified Plastic Surgeon Inland Empire, Cosmetic Surgery Specialist\" \/>\n<meta property=\"article:modified_time\" content=\"2023-08-23T15:37:22+00:00\" \/>\n<meta name=\"twitter:card\" content=\"summary_large_image\" \/>\n<script type=\"application\/ld+json\" class=\"yoast-schema-graph\">{\"@context\":\"https:\/\/schema.org\",\"@graph\":[{\"@type\":\"WebPage\",\"@id\":\"https:\/\/inlandbreastandbody.com\/es\/inland-empire-plastic-surgeon\/\",\"url\":\"https:\/\/inlandbreastandbody.com\/es\/inland-empire-plastic-surgeon\/\",\"name\":\"Dr. Troy J. Andreasen - Inland Empire | Dr. Troy Andreasen\",\"isPartOf\":{\"@id\":\"https:\/\/inlandbreastandbody.com\/es\/#website\"},\"datePublished\":\"2017-05-12T21:16:39+00:00\",\"dateModified\":\"2023-08-23T15:37:22+00:00\",\"inLanguage\":\"en-US\",\"potentialAction\":[{\"@type\":\"ReadAction\",\"target\":[\"https:\/\/inlandbreastandbody.com\/es\/inland-empire-plastic-surgeon\/\"]}]},{\"@type\":\"WebSite\",\"@id\":\"https:\/\/inlandbreastandbody.com\/es\/#website\",\"url\":\"https:\/\/inlandbreastandbody.com\/es\/\",\"name\":\"Troy J. Andreasen, M.D. Board Certified Plastic Surgeon Inland Empire, Cosmetic Surgery Specialist\",\"description\":\"Inland Empire&#039;s Premier Breast And Body Surgeon\",\"potentialAction\":[{\"@type\":\"SearchAction\",\"target\":{\"@type\":\"EntryPoint\",\"urlTemplate\":\"https:\/\/inlandbreastandbody.com\/es\/?s={search_term_string}\"},\"query-input\":{\"@type\":\"PropertyValueSpecification\",\"valueRequired\":true,\"valueName\":\"search_term_string\"}}],\"inLanguage\":\"en-US\"}]}<\/script>\n<!-- \/ Yoast SEO plugin. -->","yoast_head_json":{"title":"Dr. Troy J. Andreasen - Inland Empire | Dr. Troy Andreasen","robots":{"index":"index","follow":"follow","max-snippet":"max-snippet:-1","max-image-preview":"max-image-preview:large","max-video-preview":"max-video-preview:-1"},"canonical":"https:\/\/inlandbreastandbody.com\/es\/inland-empire-plastic-surgeon\/","og_locale":"en_US","og_type":"article","og_title":"Dr. Troy J. Andreasen - Inland Empire | Dr. Troy Andreasen","og_description":"EL Dr. Andreasen ha estado en la pr\u00e1ctica privada de cirug\u00eda pl\u00e1stica en el \u00e1rea del Inland Empire desde 2001. Desde ese tiempo, su cl\u00ednica se ha convertido en una de las cl\u00ednicas de cirug\u00eda pl\u00e1stica m\u00e1s grandes del Sur de California, y sigue con el compromiso de proveer atenci\u00f3n personalizada y mantener la calidad [&hellip;]","og_url":"https:\/\/inlandbreastandbody.com\/es\/inland-empire-plastic-surgeon\/","og_site_name":"Troy J. Andreasen, M.D. Board Certified Plastic Surgeon Inland Empire, Cosmetic Surgery Specialist","article_modified_time":"2023-08-23T15:37:22+00:00","twitter_card":"summary_large_image","schema":{"@context":"https:\/\/schema.org","@graph":[{"@type":"WebPage","@id":"https:\/\/inlandbreastandbody.com\/es\/inland-empire-plastic-surgeon\/","url":"https:\/\/inlandbreastandbody.com\/es\/inland-empire-plastic-surgeon\/","name":"Dr. Troy J. Andreasen - Inland Empire | Dr. Troy Andreasen","isPartOf":{"@id":"https:\/\/inlandbreastandbody.com\/es\/#website"},"datePublished":"2017-05-12T21:16:39+00:00","dateModified":"2023-08-23T15:37:22+00:00","inLanguage":"en-US","potentialAction":[{"@type":"ReadAction","target":["https:\/\/inlandbreastandbody.com\/es\/inland-empire-plastic-surgeon\/"]}]},{"@type":"WebSite","@id":"https:\/\/inlandbreastandbody.com\/es\/#website","url":"https:\/\/inlandbreastandbody.com\/es\/","name":"Troy J. Andreasen, M.D. Board Certified Plastic Surgeon Inland Empire, Cosmetic Surgery Specialist","description":"Inland Empire&#039;s Premier Breast And Body Surgeon","potentialAction":[{"@type":"SearchAction","target":{"@type":"EntryPoint","urlTemplate":"https:\/\/inlandbreastandbody.com\/es\/?s={search_term_string}"},"query-input":{"@type":"PropertyValueSpecification","valueRequired":true,"valueName":"search_term_string"}}],"inLanguage":"en-US"}]}},"_links":{"self":[{"href":"https:\/\/inlandbreastandbody.com\/es\/wp-json\/wp\/v2\/pages\/627","targetHints":{"allow":["GET"]}}],"collection":[{"href":"https:\/\/inlandbreastandbody.com\/es\/wp-json\/wp\/v2\/pages"}],"about":[{"href":"https:\/\/inlandbreastandbody.com\/es\/wp-json\/wp\/v2\/types\/page"}],"author":[{"embeddable":true,"href":"https:\/\/inlandbreastandbody.com\/es\/wp-json\/wp\/v2\/users\/1"}],"replies":[{"embeddable":true,"href":"https:\/\/inlandbreastandbody.com\/es\/wp-json\/wp\/v2\/comments?post=627"}],"version-history":[{"count":6,"href":"https:\/\/inlandbreastandbody.com\/es\/wp-json\/wp\/v2\/pages\/627\/revisions"}],"predecessor-version":[{"id":6205,"href":"https:\/\/inlandbreastandbody.com\/es\/wp-json\/wp\/v2\/pages\/627\/revisions\/6205"}],"wp:attachment":[{"href":"https:\/\/inlandbreastandbody.com\/es\/wp-json\/wp\/v2\/media?parent=627"}],"curies":[{"name":"wp","href":"https:\/\/api.w.org\/{rel}","templated":true}]}}