{"id":821,"date":"2017-05-17T11:29:30","date_gmt":"2017-05-17T18:29:30","guid":{"rendered":"https:\/\/50.63.167.6\/~iecirugiaplastic\/?page_id=821"},"modified":"2025-06-02T09:28:57","modified_gmt":"2025-06-02T16:28:57","slug":"breast-lift-inland-empire","status":"publish","type":"page","link":"https:\/\/inlandbreastandbody.com\/es\/articles\/breast-lift-inland-empire\/","title":{"rendered":"LEVANTAMIENTO DE SENOS INLAND EMPIRE &#8211; MASTOPEXIA RIVERSIDE"},"content":{"rendered":"<p>Los efectos del embarazo, p\u00e9rdida masiva de peso, y \/ o el envejecimiento a nuestros cuerpos a menudo no pueden ser corregidos con la dieta y el ejercicio regular, especialmente en relaci\u00f3n con la apariencia de los pechos ca\u00eddos. Troy J. Andreasen, con frecuencia MD realiza una cirug\u00eda de <strong>levantamiento de senos<\/strong> para pacientes <strong>Inland Empire<\/strong>, que es un procedimiento que consiste en la eliminaci\u00f3n del exceso de piel y el tejido de la mama para una apariencia m\u00e1s juvenil.<\/p>\n<p>Dr. Andreasen es un profesional en Ontario cirug\u00eda de mama, con la certificaci\u00f3n del consejo de la Junta Americana de Cirug\u00eda Pl\u00e1stica (SPA). \u00c9l es tambi\u00e9n un miembro de la Sociedad Americana de Cirujanos Pl\u00e1sticos (ASPS).<\/p>\n<p>Nuestra pr\u00e1ctica de mama mejora de profesional se encuentra cerca del aeropuerto internacional de Ontario, por lo que es conveniente para los pacientes en todo el sur de California para visitar a su pr\u00e1ctica. Adem\u00e1s, los pacientes de las ciudades cercanas buscan Dr. Andreasen que someterse a un levantamiento de senos, como los de Riverside.<\/p>\n<p>Si usted est\u00e1 considerando someterse a un <strong>levantamiento de senos,<\/strong> nuestro cirujano pl\u00e1stico Ontario, el Dr. Andreasen, le ofrece profesionalidad y amplia experiencia en procedimientos de cirug\u00eda de mama; \u00e9l realiza anualmente un promedio de 400 procedimientos de mama. Para aprender m\u00e1s sobre el Dr. Andreasen, su pr\u00e1ctica y sus opciones en la cirug\u00eda de levantamiento de senos, o \u201cmastopexia\u201d, por favor haga una consulta gratuita.<\/p>\n<p><em>Durante la consulta de levantamiento de senos, los dos se discutir\u00e1n los siguientes:<\/em><\/p>\n<ul>\n<li>Sus expectativas y metas<\/li>\n<li>Su historial m\u00e9dico<\/li>\n<li>Si se requiere un levantamiento de senos con implantes para obtener los resultados que desea<\/li>\n<li>Los efectos secundarios y los riesgos asociados con un procedimiento de levantamiento de senos<\/li>\n<\/ul>\n<p>Si la flacidez de mama es m\u00ednimo, s\u00f3lo se puede requerir una cirug\u00eda de implantes mamarios, que ofrece menos cicatrices. Dr. Andreasen le ayudar\u00e1 a decidir cu\u00e1l es la opci\u00f3n correcta para usted.<\/p>\n<p>Para ver el tipo de resultados que nuestros pacientes anteriores han logrado de la cirug\u00eda de aumento de pecho, si\u00e9ntase libre de navegar a trav\u00e9s de nuestros ascensores de mama y de aumento de pecho fotos antes y despu\u00e9s.<\/p>\n<p>Adem\u00e1s de la cirug\u00eda de mama, el Dr. Andreasen tambi\u00e9n ofrece procedimientos de contorno corporal, como la cirug\u00eda de abdominoplastia y liposucci\u00f3n.<\/p>\n<p>Si desea programar una cita para la ampliaci\u00f3n del pecho o un levantamiento de senos con nuestro cirujano Inland Empire, el Dr. Andreasen, puede rellenar nuestro formulario de contacto o llame a nuestra oficina al (909) 291 a 4.900. Usted tambi\u00e9n puede tener sus preguntas contestadas personalmente por el Dr. Andreasen envi\u00e1ndole un correo electr\u00f3nico a <a title=\"Email Inland Empoire Plastic Surgeon\" href=\"mailto:info@inlandbreastandbody.com\">info@inlandbreastandbody.com<\/a>.<\/p>\n","protected":false},"excerpt":{"rendered":"<p>Los efectos del embarazo, p\u00e9rdida masiva de peso, y \/ o el envejecimiento a nuestros cuerpos a menudo no pueden ser corregidos con la dieta y el ejercicio regular, especialmente en relaci\u00f3n con la apariencia de los pechos ca\u00eddos. Troy J. Andreasen, con frecuencia MD realiza una cirug\u00eda de levantamiento de senos para pacientes Inland [&hellip;]<\/p>\n","protected":false},"author":1,"featured_media":0,"parent":809,"menu_order":0,"comment_status":"closed","ping_status":"closed","template":"","meta":{"_acf_changed":false,"footnotes":""},"class_list":["post-821","page","type-page","status-publish","hentry"],"acf":[],"yoast_head":"<!-- This site is optimized with the Yoast SEO plugin v26.9 - https:\/\/yoast.com\/product\/yoast-seo-wordpress\/ -->\n<title>LEVANTAMIENTO DE SENOS INLAND EMPIRE - MASTOPEXIA RIVERSIDE - Inland Empire | Dr. Troy Andreasen<\/title>\n<meta name=\"robots\" content=\"index, follow, max-snippet:-1, max-image-preview:large, max-video-preview:-1\" \/>\n<link rel=\"canonical\" href=\"https:\/\/inlandbreastandbody.com\/es\/articles\/breast-lift-inland-empire\/\" \/>\n<meta property=\"og:locale\" content=\"en_US\" \/>\n<meta property=\"og:type\" content=\"article\" \/>\n<meta property=\"og:title\" content=\"LEVANTAMIENTO DE SENOS INLAND EMPIRE - MASTOPEXIA RIVERSIDE - Inland Empire | Dr. Troy Andreasen\" \/>\n<meta property=\"og:description\" content=\"Los efectos del embarazo, p\u00e9rdida masiva de peso, y \/ o el envejecimiento a nuestros cuerpos a menudo no pueden ser corregidos con la dieta y el ejercicio regular, especialmente en relaci\u00f3n con la apariencia de los pechos ca\u00eddos. Troy J. Andreasen, con frecuencia MD realiza una cirug\u00eda de levantamiento de senos para pacientes Inland [&hellip;]\" \/>\n<meta property=\"og:url\" content=\"https:\/\/inlandbreastandbody.com\/es\/articles\/breast-lift-inland-empire\/\" \/>\n<meta property=\"og:site_name\" content=\"Troy J. Andreasen, M.D. Board Certified Plastic Surgeon Inland Empire, Cosmetic Surgery Specialist\" \/>\n<meta property=\"article:modified_time\" content=\"2025-06-02T16:28:57+00:00\" \/>\n<meta name=\"twitter:card\" content=\"summary_large_image\" \/>\n<meta name=\"twitter:label1\" content=\"Est. reading time\" \/>\n\t<meta name=\"twitter:data1\" content=\"2 minutes\" \/>\n<script type=\"application\/ld+json\" class=\"yoast-schema-graph\">{\"@context\":\"https:\/\/schema.org\",\"@graph\":[{\"@type\":\"WebPage\",\"@id\":\"https:\/\/inlandbreastandbody.com\/es\/articles\/breast-lift-inland-empire\/\",\"url\":\"https:\/\/inlandbreastandbody.com\/es\/articles\/breast-lift-inland-empire\/\",\"name\":\"LEVANTAMIENTO DE SENOS INLAND EMPIRE - MASTOPEXIA RIVERSIDE - Inland Empire | Dr. Troy Andreasen\",\"isPartOf\":{\"@id\":\"https:\/\/inlandbreastandbody.com\/es\/#website\"},\"datePublished\":\"2017-05-17T18:29:30+00:00\",\"dateModified\":\"2025-06-02T16:28:57+00:00\",\"breadcrumb\":{\"@id\":\"https:\/\/inlandbreastandbody.com\/es\/articles\/breast-lift-inland-empire\/#breadcrumb\"},\"inLanguage\":\"en-US\",\"potentialAction\":[{\"@type\":\"ReadAction\",\"target\":[\"https:\/\/inlandbreastandbody.com\/es\/articles\/breast-lift-inland-empire\/\"]}]},{\"@type\":\"BreadcrumbList\",\"@id\":\"https:\/\/inlandbreastandbody.com\/es\/articles\/breast-lift-inland-empire\/#breadcrumb\",\"itemListElement\":[{\"@type\":\"ListItem\",\"position\":1,\"name\":\"Art\u00edculos de Cirug\u00eda Pl\u00e1stica\",\"item\":\"https:\/\/inlandbreastandbody.com\/es\/articles\/\"},{\"@type\":\"ListItem\",\"position\":2,\"name\":\"LEVANTAMIENTO DE SENOS INLAND EMPIRE &#8211; MASTOPEXIA RIVERSIDE\"}]},{\"@type\":\"WebSite\",\"@id\":\"https:\/\/inlandbreastandbody.com\/es\/#website\",\"url\":\"https:\/\/inlandbreastandbody.com\/es\/\",\"name\":\"Troy J. Andreasen, M.D. Board Certified Plastic Surgeon Inland Empire, Cosmetic Surgery Specialist\",\"description\":\"Inland Empire&#039;s Premier Breast And Body Surgeon\",\"potentialAction\":[{\"@type\":\"SearchAction\",\"target\":{\"@type\":\"EntryPoint\",\"urlTemplate\":\"https:\/\/inlandbreastandbody.com\/es\/?s={search_term_string}\"},\"query-input\":{\"@type\":\"PropertyValueSpecification\",\"valueRequired\":true,\"valueName\":\"search_term_string\"}}],\"inLanguage\":\"en-US\"}]}<\/script>\n<!-- \/ Yoast SEO plugin. -->","yoast_head_json":{"title":"LEVANTAMIENTO DE SENOS INLAND EMPIRE - MASTOPEXIA RIVERSIDE - Inland Empire | Dr. Troy Andreasen","robots":{"index":"index","follow":"follow","max-snippet":"max-snippet:-1","max-image-preview":"max-image-preview:large","max-video-preview":"max-video-preview:-1"},"canonical":"https:\/\/inlandbreastandbody.com\/es\/articles\/breast-lift-inland-empire\/","og_locale":"en_US","og_type":"article","og_title":"LEVANTAMIENTO DE SENOS INLAND EMPIRE - MASTOPEXIA RIVERSIDE - Inland Empire | Dr. Troy Andreasen","og_description":"Los efectos del embarazo, p\u00e9rdida masiva de peso, y \/ o el envejecimiento a nuestros cuerpos a menudo no pueden ser corregidos con la dieta y el ejercicio regular, especialmente en relaci\u00f3n con la apariencia de los pechos ca\u00eddos. Troy J. Andreasen, con frecuencia MD realiza una cirug\u00eda de levantamiento de senos para pacientes Inland [&hellip;]","og_url":"https:\/\/inlandbreastandbody.com\/es\/articles\/breast-lift-inland-empire\/","og_site_name":"Troy J. Andreasen, M.D. Board Certified Plastic Surgeon Inland Empire, Cosmetic Surgery Specialist","article_modified_time":"2025-06-02T16:28:57+00:00","twitter_card":"summary_large_image","twitter_misc":{"Est. reading time":"2 minutes"},"schema":{"@context":"https:\/\/schema.org","@graph":[{"@type":"WebPage","@id":"https:\/\/inlandbreastandbody.com\/es\/articles\/breast-lift-inland-empire\/","url":"https:\/\/inlandbreastandbody.com\/es\/articles\/breast-lift-inland-empire\/","name":"LEVANTAMIENTO DE SENOS INLAND EMPIRE - MASTOPEXIA RIVERSIDE - Inland Empire | Dr. Troy Andreasen","isPartOf":{"@id":"https:\/\/inlandbreastandbody.com\/es\/#website"},"datePublished":"2017-05-17T18:29:30+00:00","dateModified":"2025-06-02T16:28:57+00:00","breadcrumb":{"@id":"https:\/\/inlandbreastandbody.com\/es\/articles\/breast-lift-inland-empire\/#breadcrumb"},"inLanguage":"en-US","potentialAction":[{"@type":"ReadAction","target":["https:\/\/inlandbreastandbody.com\/es\/articles\/breast-lift-inland-empire\/"]}]},{"@type":"BreadcrumbList","@id":"https:\/\/inlandbreastandbody.com\/es\/articles\/breast-lift-inland-empire\/#breadcrumb","itemListElement":[{"@type":"ListItem","position":1,"name":"Art\u00edculos de Cirug\u00eda Pl\u00e1stica","item":"https:\/\/inlandbreastandbody.com\/es\/articles\/"},{"@type":"ListItem","position":2,"name":"LEVANTAMIENTO DE SENOS INLAND EMPIRE &#8211; MASTOPEXIA RIVERSIDE"}]},{"@type":"WebSite","@id":"https:\/\/inlandbreastandbody.com\/es\/#website","url":"https:\/\/inlandbreastandbody.com\/es\/","name":"Troy J. Andreasen, M.D. Board Certified Plastic Surgeon Inland Empire, Cosmetic Surgery Specialist","description":"Inland Empire&#039;s Premier Breast And Body Surgeon","potentialAction":[{"@type":"SearchAction","target":{"@type":"EntryPoint","urlTemplate":"https:\/\/inlandbreastandbody.com\/es\/?s={search_term_string}"},"query-input":{"@type":"PropertyValueSpecification","valueRequired":true,"valueName":"search_term_string"}}],"inLanguage":"en-US"}]}},"_links":{"self":[{"href":"https:\/\/inlandbreastandbody.com\/es\/wp-json\/wp\/v2\/pages\/821","targetHints":{"allow":["GET"]}}],"collection":[{"href":"https:\/\/inlandbreastandbody.com\/es\/wp-json\/wp\/v2\/pages"}],"about":[{"href":"https:\/\/inlandbreastandbody.com\/es\/wp-json\/wp\/v2\/types\/page"}],"author":[{"embeddable":true,"href":"https:\/\/inlandbreastandbody.com\/es\/wp-json\/wp\/v2\/users\/1"}],"replies":[{"embeddable":true,"href":"https:\/\/inlandbreastandbody.com\/es\/wp-json\/wp\/v2\/comments?post=821"}],"version-history":[{"count":2,"href":"https:\/\/inlandbreastandbody.com\/es\/wp-json\/wp\/v2\/pages\/821\/revisions"}],"predecessor-version":[{"id":6253,"href":"https:\/\/inlandbreastandbody.com\/es\/wp-json\/wp\/v2\/pages\/821\/revisions\/6253"}],"up":[{"embeddable":true,"href":"https:\/\/inlandbreastandbody.com\/es\/wp-json\/wp\/v2\/pages\/809"}],"wp:attachment":[{"href":"https:\/\/inlandbreastandbody.com\/es\/wp-json\/wp\/v2\/media?parent=821"}],"curies":[{"name":"wp","href":"https:\/\/api.w.org\/{rel}","templated":true}]}}