{"id":823,"date":"2017-05-17T11:32:32","date_gmt":"2017-05-17T18:32:32","guid":{"rendered":"https:\/\/50.63.167.6\/~iecirugiaplastic\/?page_id=823"},"modified":"2017-05-17T11:32:32","modified_gmt":"2017-05-17T18:32:32","slug":"riverside-tummy-tuck","status":"publish","type":"page","link":"https:\/\/inlandbreastandbody.com\/es\/articles\/riverside-tummy-tuck\/","title":{"rendered":"Abdominoplastia Riverside"},"content":{"rendered":"<h1 class=\"page-header__title\">TUMMY TUCK INLAND EMPIRE &#8211; ABDOMINOPLASTIA RIVERSIDE<\/h1>\n<div class=\"clr\"><\/div>\n<p>El embarazo y la p\u00e9rdida de peso a menudo puede conducir a los m\u00fasculos abdominales estirados y suelta, flacidez de la piel en la zona del est\u00f3mago. Aunque usted puede participar en el ejercicio regular y mantener una dieta saludable, los resultados ideales no siempre se logran a trav\u00e9s de estos medios naturales. En muchas circunstancias, un procedimiento de cirug\u00eda pl\u00e1stica cosm\u00e9tica puede ser la mejor opci\u00f3n para corregir un abdomen protuberante &#8211; <strong>cirug\u00eda est\u00e9tica de abdomen.<\/strong> M\u00e9dicamente denominado \u201cabdominoplastia\u201d, este procedimiento puede ayudar a un paciente a lograr una m\u00e1s plano, abdomen mejor contorneado.<\/p>\n<p>El procedimiento de cirug\u00eda est\u00e9tica de abdomen es altamente personalizado para satisfacer anatom\u00eda individual de cada paciente y el resultado deseado. Porque no hay dos pacientes que sean iguales, es importante examinar cuidadosamente al paciente y sugerir la t\u00e9cnica m\u00e1s beneficiosa. Los pacientes pueden someterse a un est\u00e1ndar (completo) <a href=\"https:\/\/inlandbreastandbody.com\/es\/body-procedures-inland-empire\/tummy-tuck\/\">abdominoplastia<\/a> parcial (mini) abdominoplastia, cirug\u00eda est\u00e9tica de abdomen extendida o abdominoplastia circunferencial, que se basa en la cantidad de exceso de piel presente. Este procedimiento cosm\u00e9tico es el m\u00e1s apropiado para los pacientes que ya no est\u00e1n pensando en un futuro embarazo, ya que esto vuelva a estirar los m\u00fasculos abdominales.<\/p>\n<p>Mientras una larga incisi\u00f3n se hace en la parte inferior del abdomen de cadera a la otra, el mini abdominoplastia s\u00f3lo requiere una incisi\u00f3n que se hizo justo encima de la l\u00ednea del pubis. El m\u00e9todo extendido requiere incisiones para ir m\u00e1s all\u00e1 en la espalda baja, como la t\u00e9cnica circunferencial tiene incisiones alrededor del torso. El siguiente paso es apretar los m\u00fasculos abdominales a fin de lograr una forma m\u00e1s esbelta. Esto es seguido por re-drapeado la piel sobre los m\u00fasculos y la eliminaci\u00f3n de cualquier exceso. A menudo, debido a que los m\u00fasculos ya no est\u00e1n sobresaliendo, la piel se tira hacia abajo y el bot\u00f3n del vientre ya no est\u00e1 en su posici\u00f3n original. Para ello es necesario realizar una nueva apertura para el ombligo, lo que puede ayudar a producir un aspecto m\u00e1s agradable y juvenil.<br \/>\nSiguiendo el procedimiento, los pacientes tienen vendajes colocados en su abdomen con el fin de ayudar a la piel y los m\u00fasculos se curan bien. Adem\u00e1s, los pacientes deben estar seguros de que se abstengan de actividades extenuantes durante aproximadamente cuatro a seis semanas. Para asegurar una recuperaci\u00f3n sin complicaciones, los pacientes deben seguir todas las instrucciones despu\u00e9s de la cirug\u00eda.<\/p>\n<p>Si usted est\u00e1 en el Inland Empire y \/ o \u00e1reas de Riverside, y desea obtener m\u00e1s informaci\u00f3n con respecto a la cirug\u00eda est\u00e9tica de abdomen, por favor si\u00e9ntase libre de navegar por mi p\u00e1gina web. Usted puede solicitar una cita en l\u00ednea con el fin de discutir m\u00e1s a fondo sus opciones.<\/p>\n<h3>CONTACTAR CON LA MAMA RIVERSIDE AUMENTO CIRUJANO<\/h3>\n<p><em>Pacientes de aumento de senos Ontario y Riverside pueden ponerse en contacto con nuestro cirujano Inland Empire, el Dr. Andreasen, llamando al (909) 291-4900 o rellenando nuestro formulario de contacto para programar una consulta gratuita. Tambi\u00e9n puede enviar el Dr. Andreasen un e-mail a <a title=\"E-mail Dr. Andreasen\" href=\"mailto:info@inlandbreastandbody.com\">info@inlandbreastandbody.com<\/a>; \u00e9l personalmente va a responder a sus <\/em><\/p>\n","protected":false},"excerpt":{"rendered":"<p>TUMMY TUCK INLAND EMPIRE &#8211; ABDOMINOPLASTIA RIVERSIDE El embarazo y la p\u00e9rdida de peso a menudo puede conducir a los m\u00fasculos abdominales estirados y suelta, flacidez de la piel en la zona del est\u00f3mago. Aunque usted puede participar en el ejercicio regular y mantener una dieta saludable, los resultados ideales no siempre se logran a [&hellip;]<\/p>\n","protected":false},"author":1,"featured_media":0,"parent":809,"menu_order":0,"comment_status":"closed","ping_status":"closed","template":"","meta":{"_acf_changed":false,"footnotes":""},"class_list":["post-823","page","type-page","status-publish","hentry"],"acf":[],"yoast_head":"<!-- This site is optimized with the Yoast SEO plugin v26.9 - https:\/\/yoast.com\/product\/yoast-seo-wordpress\/ -->\n<title>Abdominoplastia Riverside - Inland Empire | Dr. Troy Andreasen<\/title>\n<meta name=\"robots\" content=\"index, follow, max-snippet:-1, max-image-preview:large, max-video-preview:-1\" \/>\n<link rel=\"canonical\" href=\"https:\/\/inlandbreastandbody.com\/es\/articles\/riverside-tummy-tuck\/\" \/>\n<meta property=\"og:locale\" content=\"en_US\" \/>\n<meta property=\"og:type\" content=\"article\" \/>\n<meta property=\"og:title\" content=\"Abdominoplastia Riverside - Inland Empire | Dr. Troy Andreasen\" \/>\n<meta property=\"og:description\" content=\"TUMMY TUCK INLAND EMPIRE &#8211; ABDOMINOPLASTIA RIVERSIDE El embarazo y la p\u00e9rdida de peso a menudo puede conducir a los m\u00fasculos abdominales estirados y suelta, flacidez de la piel en la zona del est\u00f3mago. Aunque usted puede participar en el ejercicio regular y mantener una dieta saludable, los resultados ideales no siempre se logran a [&hellip;]\" \/>\n<meta property=\"og:url\" content=\"https:\/\/inlandbreastandbody.com\/es\/articles\/riverside-tummy-tuck\/\" \/>\n<meta property=\"og:site_name\" content=\"Troy J. Andreasen, M.D. Board Certified Plastic Surgeon Inland Empire, Cosmetic Surgery Specialist\" \/>\n<meta name=\"twitter:card\" content=\"summary_large_image\" \/>\n<meta name=\"twitter:label1\" content=\"Est. reading time\" \/>\n\t<meta name=\"twitter:data1\" content=\"3 minutes\" \/>\n<script type=\"application\/ld+json\" class=\"yoast-schema-graph\">{\"@context\":\"https:\/\/schema.org\",\"@graph\":[{\"@type\":\"WebPage\",\"@id\":\"https:\/\/inlandbreastandbody.com\/es\/articles\/riverside-tummy-tuck\/\",\"url\":\"https:\/\/inlandbreastandbody.com\/es\/articles\/riverside-tummy-tuck\/\",\"name\":\"Abdominoplastia Riverside - Inland Empire | Dr. Troy Andreasen\",\"isPartOf\":{\"@id\":\"https:\/\/inlandbreastandbody.com\/es\/#website\"},\"datePublished\":\"2017-05-17T18:32:32+00:00\",\"breadcrumb\":{\"@id\":\"https:\/\/inlandbreastandbody.com\/es\/articles\/riverside-tummy-tuck\/#breadcrumb\"},\"inLanguage\":\"en-US\",\"potentialAction\":[{\"@type\":\"ReadAction\",\"target\":[\"https:\/\/inlandbreastandbody.com\/es\/articles\/riverside-tummy-tuck\/\"]}]},{\"@type\":\"BreadcrumbList\",\"@id\":\"https:\/\/inlandbreastandbody.com\/es\/articles\/riverside-tummy-tuck\/#breadcrumb\",\"itemListElement\":[{\"@type\":\"ListItem\",\"position\":1,\"name\":\"Art\u00edculos de Cirug\u00eda Pl\u00e1stica\",\"item\":\"https:\/\/inlandbreastandbody.com\/es\/articles\/\"},{\"@type\":\"ListItem\",\"position\":2,\"name\":\"Abdominoplastia Riverside\"}]},{\"@type\":\"WebSite\",\"@id\":\"https:\/\/inlandbreastandbody.com\/es\/#website\",\"url\":\"https:\/\/inlandbreastandbody.com\/es\/\",\"name\":\"Troy J. Andreasen, M.D. Board Certified Plastic Surgeon Inland Empire, Cosmetic Surgery Specialist\",\"description\":\"Inland Empire&#039;s Premier Breast And Body Surgeon\",\"potentialAction\":[{\"@type\":\"SearchAction\",\"target\":{\"@type\":\"EntryPoint\",\"urlTemplate\":\"https:\/\/inlandbreastandbody.com\/es\/?s={search_term_string}\"},\"query-input\":{\"@type\":\"PropertyValueSpecification\",\"valueRequired\":true,\"valueName\":\"search_term_string\"}}],\"inLanguage\":\"en-US\"}]}<\/script>\n<!-- \/ Yoast SEO plugin. -->","yoast_head_json":{"title":"Abdominoplastia Riverside - Inland Empire | Dr. Troy Andreasen","robots":{"index":"index","follow":"follow","max-snippet":"max-snippet:-1","max-image-preview":"max-image-preview:large","max-video-preview":"max-video-preview:-1"},"canonical":"https:\/\/inlandbreastandbody.com\/es\/articles\/riverside-tummy-tuck\/","og_locale":"en_US","og_type":"article","og_title":"Abdominoplastia Riverside - Inland Empire | Dr. Troy Andreasen","og_description":"TUMMY TUCK INLAND EMPIRE &#8211; ABDOMINOPLASTIA RIVERSIDE El embarazo y la p\u00e9rdida de peso a menudo puede conducir a los m\u00fasculos abdominales estirados y suelta, flacidez de la piel en la zona del est\u00f3mago. Aunque usted puede participar en el ejercicio regular y mantener una dieta saludable, los resultados ideales no siempre se logran a [&hellip;]","og_url":"https:\/\/inlandbreastandbody.com\/es\/articles\/riverside-tummy-tuck\/","og_site_name":"Troy J. Andreasen, M.D. Board Certified Plastic Surgeon Inland Empire, Cosmetic Surgery Specialist","twitter_card":"summary_large_image","twitter_misc":{"Est. reading time":"3 minutes"},"schema":{"@context":"https:\/\/schema.org","@graph":[{"@type":"WebPage","@id":"https:\/\/inlandbreastandbody.com\/es\/articles\/riverside-tummy-tuck\/","url":"https:\/\/inlandbreastandbody.com\/es\/articles\/riverside-tummy-tuck\/","name":"Abdominoplastia Riverside - Inland Empire | Dr. Troy Andreasen","isPartOf":{"@id":"https:\/\/inlandbreastandbody.com\/es\/#website"},"datePublished":"2017-05-17T18:32:32+00:00","breadcrumb":{"@id":"https:\/\/inlandbreastandbody.com\/es\/articles\/riverside-tummy-tuck\/#breadcrumb"},"inLanguage":"en-US","potentialAction":[{"@type":"ReadAction","target":["https:\/\/inlandbreastandbody.com\/es\/articles\/riverside-tummy-tuck\/"]}]},{"@type":"BreadcrumbList","@id":"https:\/\/inlandbreastandbody.com\/es\/articles\/riverside-tummy-tuck\/#breadcrumb","itemListElement":[{"@type":"ListItem","position":1,"name":"Art\u00edculos de Cirug\u00eda Pl\u00e1stica","item":"https:\/\/inlandbreastandbody.com\/es\/articles\/"},{"@type":"ListItem","position":2,"name":"Abdominoplastia Riverside"}]},{"@type":"WebSite","@id":"https:\/\/inlandbreastandbody.com\/es\/#website","url":"https:\/\/inlandbreastandbody.com\/es\/","name":"Troy J. Andreasen, M.D. Board Certified Plastic Surgeon Inland Empire, Cosmetic Surgery Specialist","description":"Inland Empire&#039;s Premier Breast And Body Surgeon","potentialAction":[{"@type":"SearchAction","target":{"@type":"EntryPoint","urlTemplate":"https:\/\/inlandbreastandbody.com\/es\/?s={search_term_string}"},"query-input":{"@type":"PropertyValueSpecification","valueRequired":true,"valueName":"search_term_string"}}],"inLanguage":"en-US"}]}},"_links":{"self":[{"href":"https:\/\/inlandbreastandbody.com\/es\/wp-json\/wp\/v2\/pages\/823","targetHints":{"allow":["GET"]}}],"collection":[{"href":"https:\/\/inlandbreastandbody.com\/es\/wp-json\/wp\/v2\/pages"}],"about":[{"href":"https:\/\/inlandbreastandbody.com\/es\/wp-json\/wp\/v2\/types\/page"}],"author":[{"embeddable":true,"href":"https:\/\/inlandbreastandbody.com\/es\/wp-json\/wp\/v2\/users\/1"}],"replies":[{"embeddable":true,"href":"https:\/\/inlandbreastandbody.com\/es\/wp-json\/wp\/v2\/comments?post=823"}],"version-history":[{"count":0,"href":"https:\/\/inlandbreastandbody.com\/es\/wp-json\/wp\/v2\/pages\/823\/revisions"}],"up":[{"embeddable":true,"href":"https:\/\/inlandbreastandbody.com\/es\/wp-json\/wp\/v2\/pages\/809"}],"wp:attachment":[{"href":"https:\/\/inlandbreastandbody.com\/es\/wp-json\/wp\/v2\/media?parent=823"}],"curies":[{"name":"wp","href":"https:\/\/api.w.org\/{rel}","templated":true}]}}