{"id":825,"date":"2017-05-17T11:33:47","date_gmt":"2017-05-17T18:33:47","guid":{"rendered":"https:\/\/50.63.167.6\/~iecirugiaplastic\/?page_id=825"},"modified":"2017-05-17T11:33:47","modified_gmt":"2017-05-17T18:33:47","slug":"riverside-liposuction","status":"publish","type":"page","link":"https:\/\/inlandbreastandbody.com\/es\/articles\/riverside-liposuction\/","title":{"rendered":"Liposucci\u00f3n Riverside"},"content":{"rendered":"<h1 class=\"page-header__title\">LIPOSUCCI\u00d3N RIVERSIDE &#8211; LIPOPLASTIA INLAND EMPIRE<\/h1>\n<div class=\"clr\"><\/div>\n<p>A veces, no importa cu\u00e1nto ejercicio o lo saludable come uno, hay bolsas de grasa que no se pueden reducir a trav\u00e9s de medios naturales. En muchas circunstancias, la \u00fanica manera de contornear las \u00e1reas espec\u00edficas del cuerpo es a trav\u00e9s de la cirug\u00eda pl\u00e1stica cosm\u00e9tica, espec\u00edficamente la liposucci\u00f3n (\u201clipoplastia\u201d o \u201clipoescultura\u201d). Aunque no es un medio para la p\u00e9rdida de peso, este procedimiento puede ayudar a los pacientes eliminan los dep\u00f3sitos de grasa molestos en determinados lugares que no responden a la dieta y el ejercicio.<\/p>\n<p>Durante una visita en mi pr\u00e1ctica Inland Empire, podemos discutir sus \u00e1reas problem\u00e1ticas, las t\u00e9cnicas disponibles, y el resultado deseado. Despu\u00e9s de un examen a fondo, podemos implementar un plan quir\u00fargico personalizado para satisfacer sus necesidades. Las zonas de destino m\u00e1s comunes para la liposucci\u00f3n incluyen el cuello, los brazos, el pecho, el abdomen, las caderas \/ flancos, espalda baja y los muslos. A trav\u00e9s de peque\u00f1as incisiones, un largo tubo llamado c\u00e1nula se inserta en el \u00e1rea objetivo para romper y eliminar el tejido graso. Algunas de las t\u00e9cnicas utilizadas en la liposucci\u00f3n incluyen la t\u00e9cnica tumescente, asistida por ultrasonidos, y asistida por l\u00e1ser. Con base en el \u00e1rea (s) tratada y la cantidad de grasa que se elimina, se elegir\u00e1 el m\u00e9todo m\u00e1s apropiado.<\/p>\n<h2>\u00bfQU\u00c9 ESPERAR DESPU\u00c9S DE LA CIRUG\u00cdA LIPO<\/h2>\n<p>Despu\u00e9s de la cirug\u00eda, se requerir\u00e1 a los pacientes a abstenerse de realizar actividades extenuantes durante aproximadamente dos semanas. Un vendaje de apoyo ser\u00e1 utilizado para ayudar a la zona tratada se cura adecuadamente y permita que la piel se ajuste al nuevo contorno. Despu\u00e9s del procedimiento, puede haber algunos moretones, hinchaz\u00f3n y escapa de los sitios de incisi\u00f3n, pero todo esto debe desaparecer en los d\u00edas siguientes a la cirug\u00eda. Sus resultados finales se pueden ver una vez que la hinchaz\u00f3n ha bajado. La cicatrizaci\u00f3n es m\u00ednima debido al peque\u00f1o tama\u00f1o de las incisiones.<\/p>\n<p>Las mujeres que han experimentado el embarazo y se quedan con un abdomen protuberante deseen combinar la <a title=\"Riverside Tummy Tuck Information\" href=\"https:\/\/inlandbreastandbody.com\/es\/articles\/riverside-tummy-tuck\/\">cirug\u00eda est\u00e9tica de abdomen<\/a> con su procedimiento de liposucci\u00f3n. Una cirug\u00eda est\u00e9tica de abdomen puede ayudar a apretar los m\u00fasculos abdominales y eliminar el exceso de piel, mientras que la eliminaci\u00f3n de tejido graso para producir una forma m\u00e1s esbelta.<\/p>\n<p>Si usted est\u00e1 en el \u00e1rea de Riverside y quieres aprender m\u00e1s sobre sus opciones de liposucci\u00f3n, <a title=\"Contact Riverside Cosmetic Surgery Specialist\" href=\"https:\/\/inlandbreastandbody.com\/es\/contact-inland-empire-cosmetic-surgeon\/\"> no dude en programar una cita.<\/a> Espero poder ayudar a satisfacer las necesidades de su contorno corporal.<\/p>\n<p><em>Programe una cita llamando al (909) 291-4900 o enviando Dr. Andreasen un e-mail a info@inlandbreastandbody.com; que responder\u00e1 a sus preguntas personalmente. Si lo prefiere, llene nuestro formulario de contacto para obtener informaci\u00f3n adicional.<\/em><\/p>\n","protected":false},"excerpt":{"rendered":"<p>LIPOSUCCI\u00d3N RIVERSIDE &#8211; LIPOPLASTIA INLAND EMPIRE A veces, no importa cu\u00e1nto ejercicio o lo saludable come uno, hay bolsas de grasa que no se pueden reducir a trav\u00e9s de medios naturales. En muchas circunstancias, la \u00fanica manera de contornear las \u00e1reas espec\u00edficas del cuerpo es a trav\u00e9s de la cirug\u00eda pl\u00e1stica cosm\u00e9tica, espec\u00edficamente la liposucci\u00f3n [&hellip;]<\/p>\n","protected":false},"author":1,"featured_media":0,"parent":809,"menu_order":0,"comment_status":"closed","ping_status":"closed","template":"","meta":{"_acf_changed":false,"footnotes":""},"class_list":["post-825","page","type-page","status-publish","hentry"],"acf":[],"yoast_head":"<!-- This site is optimized with the Yoast SEO plugin v26.9 - https:\/\/yoast.com\/product\/yoast-seo-wordpress\/ -->\n<title>Liposucci\u00f3n Riverside - Inland Empire | Dr. Troy Andreasen<\/title>\n<meta name=\"robots\" content=\"index, follow, max-snippet:-1, max-image-preview:large, max-video-preview:-1\" \/>\n<link rel=\"canonical\" href=\"https:\/\/inlandbreastandbody.com\/es\/articles\/riverside-liposuction\/\" \/>\n<meta property=\"og:locale\" content=\"en_US\" \/>\n<meta property=\"og:type\" content=\"article\" \/>\n<meta property=\"og:title\" content=\"Liposucci\u00f3n Riverside - Inland Empire | Dr. Troy Andreasen\" \/>\n<meta property=\"og:description\" content=\"LIPOSUCCI\u00d3N RIVERSIDE &#8211; LIPOPLASTIA INLAND EMPIRE A veces, no importa cu\u00e1nto ejercicio o lo saludable come uno, hay bolsas de grasa que no se pueden reducir a trav\u00e9s de medios naturales. En muchas circunstancias, la \u00fanica manera de contornear las \u00e1reas espec\u00edficas del cuerpo es a trav\u00e9s de la cirug\u00eda pl\u00e1stica cosm\u00e9tica, espec\u00edficamente la liposucci\u00f3n [&hellip;]\" \/>\n<meta property=\"og:url\" content=\"https:\/\/inlandbreastandbody.com\/es\/articles\/riverside-liposuction\/\" \/>\n<meta property=\"og:site_name\" content=\"Troy J. Andreasen, M.D. Board Certified Plastic Surgeon Inland Empire, Cosmetic Surgery Specialist\" \/>\n<meta name=\"twitter:card\" content=\"summary_large_image\" \/>\n<meta name=\"twitter:label1\" content=\"Est. reading time\" \/>\n\t<meta name=\"twitter:data1\" content=\"2 minutes\" \/>\n<script type=\"application\/ld+json\" class=\"yoast-schema-graph\">{\"@context\":\"https:\/\/schema.org\",\"@graph\":[{\"@type\":\"WebPage\",\"@id\":\"https:\/\/inlandbreastandbody.com\/es\/articles\/riverside-liposuction\/\",\"url\":\"https:\/\/inlandbreastandbody.com\/es\/articles\/riverside-liposuction\/\",\"name\":\"Liposucci\u00f3n Riverside - Inland Empire | Dr. Troy Andreasen\",\"isPartOf\":{\"@id\":\"https:\/\/inlandbreastandbody.com\/es\/#website\"},\"datePublished\":\"2017-05-17T18:33:47+00:00\",\"breadcrumb\":{\"@id\":\"https:\/\/inlandbreastandbody.com\/es\/articles\/riverside-liposuction\/#breadcrumb\"},\"inLanguage\":\"en-US\",\"potentialAction\":[{\"@type\":\"ReadAction\",\"target\":[\"https:\/\/inlandbreastandbody.com\/es\/articles\/riverside-liposuction\/\"]}]},{\"@type\":\"BreadcrumbList\",\"@id\":\"https:\/\/inlandbreastandbody.com\/es\/articles\/riverside-liposuction\/#breadcrumb\",\"itemListElement\":[{\"@type\":\"ListItem\",\"position\":1,\"name\":\"Art\u00edculos de Cirug\u00eda Pl\u00e1stica\",\"item\":\"https:\/\/inlandbreastandbody.com\/es\/articles\/\"},{\"@type\":\"ListItem\",\"position\":2,\"name\":\"Liposucci\u00f3n Riverside\"}]},{\"@type\":\"WebSite\",\"@id\":\"https:\/\/inlandbreastandbody.com\/es\/#website\",\"url\":\"https:\/\/inlandbreastandbody.com\/es\/\",\"name\":\"Troy J. Andreasen, M.D. Board Certified Plastic Surgeon Inland Empire, Cosmetic Surgery Specialist\",\"description\":\"Inland Empire&#039;s Premier Breast And Body Surgeon\",\"potentialAction\":[{\"@type\":\"SearchAction\",\"target\":{\"@type\":\"EntryPoint\",\"urlTemplate\":\"https:\/\/inlandbreastandbody.com\/es\/?s={search_term_string}\"},\"query-input\":{\"@type\":\"PropertyValueSpecification\",\"valueRequired\":true,\"valueName\":\"search_term_string\"}}],\"inLanguage\":\"en-US\"}]}<\/script>\n<!-- \/ Yoast SEO plugin. -->","yoast_head_json":{"title":"Liposucci\u00f3n Riverside - Inland Empire | Dr. Troy Andreasen","robots":{"index":"index","follow":"follow","max-snippet":"max-snippet:-1","max-image-preview":"max-image-preview:large","max-video-preview":"max-video-preview:-1"},"canonical":"https:\/\/inlandbreastandbody.com\/es\/articles\/riverside-liposuction\/","og_locale":"en_US","og_type":"article","og_title":"Liposucci\u00f3n Riverside - Inland Empire | Dr. Troy Andreasen","og_description":"LIPOSUCCI\u00d3N RIVERSIDE &#8211; LIPOPLASTIA INLAND EMPIRE A veces, no importa cu\u00e1nto ejercicio o lo saludable come uno, hay bolsas de grasa que no se pueden reducir a trav\u00e9s de medios naturales. En muchas circunstancias, la \u00fanica manera de contornear las \u00e1reas espec\u00edficas del cuerpo es a trav\u00e9s de la cirug\u00eda pl\u00e1stica cosm\u00e9tica, espec\u00edficamente la liposucci\u00f3n [&hellip;]","og_url":"https:\/\/inlandbreastandbody.com\/es\/articles\/riverside-liposuction\/","og_site_name":"Troy J. Andreasen, M.D. Board Certified Plastic Surgeon Inland Empire, Cosmetic Surgery Specialist","twitter_card":"summary_large_image","twitter_misc":{"Est. reading time":"2 minutes"},"schema":{"@context":"https:\/\/schema.org","@graph":[{"@type":"WebPage","@id":"https:\/\/inlandbreastandbody.com\/es\/articles\/riverside-liposuction\/","url":"https:\/\/inlandbreastandbody.com\/es\/articles\/riverside-liposuction\/","name":"Liposucci\u00f3n Riverside - Inland Empire | Dr. Troy Andreasen","isPartOf":{"@id":"https:\/\/inlandbreastandbody.com\/es\/#website"},"datePublished":"2017-05-17T18:33:47+00:00","breadcrumb":{"@id":"https:\/\/inlandbreastandbody.com\/es\/articles\/riverside-liposuction\/#breadcrumb"},"inLanguage":"en-US","potentialAction":[{"@type":"ReadAction","target":["https:\/\/inlandbreastandbody.com\/es\/articles\/riverside-liposuction\/"]}]},{"@type":"BreadcrumbList","@id":"https:\/\/inlandbreastandbody.com\/es\/articles\/riverside-liposuction\/#breadcrumb","itemListElement":[{"@type":"ListItem","position":1,"name":"Art\u00edculos de Cirug\u00eda Pl\u00e1stica","item":"https:\/\/inlandbreastandbody.com\/es\/articles\/"},{"@type":"ListItem","position":2,"name":"Liposucci\u00f3n Riverside"}]},{"@type":"WebSite","@id":"https:\/\/inlandbreastandbody.com\/es\/#website","url":"https:\/\/inlandbreastandbody.com\/es\/","name":"Troy J. Andreasen, M.D. Board Certified Plastic Surgeon Inland Empire, Cosmetic Surgery Specialist","description":"Inland Empire&#039;s Premier Breast And Body Surgeon","potentialAction":[{"@type":"SearchAction","target":{"@type":"EntryPoint","urlTemplate":"https:\/\/inlandbreastandbody.com\/es\/?s={search_term_string}"},"query-input":{"@type":"PropertyValueSpecification","valueRequired":true,"valueName":"search_term_string"}}],"inLanguage":"en-US"}]}},"_links":{"self":[{"href":"https:\/\/inlandbreastandbody.com\/es\/wp-json\/wp\/v2\/pages\/825","targetHints":{"allow":["GET"]}}],"collection":[{"href":"https:\/\/inlandbreastandbody.com\/es\/wp-json\/wp\/v2\/pages"}],"about":[{"href":"https:\/\/inlandbreastandbody.com\/es\/wp-json\/wp\/v2\/types\/page"}],"author":[{"embeddable":true,"href":"https:\/\/inlandbreastandbody.com\/es\/wp-json\/wp\/v2\/users\/1"}],"replies":[{"embeddable":true,"href":"https:\/\/inlandbreastandbody.com\/es\/wp-json\/wp\/v2\/comments?post=825"}],"version-history":[{"count":0,"href":"https:\/\/inlandbreastandbody.com\/es\/wp-json\/wp\/v2\/pages\/825\/revisions"}],"up":[{"embeddable":true,"href":"https:\/\/inlandbreastandbody.com\/es\/wp-json\/wp\/v2\/pages\/809"}],"wp:attachment":[{"href":"https:\/\/inlandbreastandbody.com\/es\/wp-json\/wp\/v2\/media?parent=825"}],"curies":[{"name":"wp","href":"https:\/\/api.w.org\/{rel}","templated":true}]}}