{"id":827,"date":"2017-05-17T11:36:54","date_gmt":"2017-05-17T18:36:54","guid":{"rendered":"https:\/\/50.63.167.6\/~iecirugiaplastic\/?page_id=827"},"modified":"2025-06-02T09:25:30","modified_gmt":"2025-06-02T16:25:30","slug":"riverside-breast-augmentation","status":"publish","type":"page","link":"https:\/\/inlandbreastandbody.com\/es\/articles\/riverside-breast-augmentation\/","title":{"rendered":"AUMENTO DE SENOS INLAND EMPIRE &#8211; AUMENTO DE MAMAS RIVERSIDE"},"content":{"rendered":"<p><strong>Ontario cirujano de aumento<\/strong> mamario Troy J. Andreasen, MD es el principal \u00f3rgano de mama y el cirujano de Inland Empire. \u00c9l atrae a pacientes en todo el sur de California, desde ciudades como Riverside, debido a su amplia experiencia y nivel de profesionalismo.<\/p>\n<p>Nuestro experto cirug\u00eda pl\u00e1stica cosm\u00e9tica, el Dr. Andreasen, ha creado una pr\u00e1ctica que se ha comprometido a proporcionar una atenci\u00f3n personalizada y el mantenimiento de la m\u00e1s alta calidad de servicio. Al elegir un cirujano <strong>de aumento mamario Inland Empire<\/strong>, el Dr. Andreasen es un profesional altamente cualificado. \u00c9l est\u00e1 certificado por la Junta Americana de Cirug\u00eda Pl\u00e1stica (SPA), as\u00ed como miembro de la Sociedad Americana de Cirujanos Pl\u00e1sticos (ASPS).<\/p>\n<p>Si usted piensa que <a title=\"Inland Empire Breast Augmentation Information\" href=\"https:\/\/inlandbreastandbody.com\/es\/breast-procedures-inland-empire\/breast-augmentation\/\">el aumento de senos,<\/a>, o \u201cmamoplastia de aumento,\u201d es el adecuado para usted, por favor programar una consulta con el Dr. Andreasen para averiguar si usted es un candidato ideal para implantes mamarios.<\/p>\n<p><em>Usted puede lograr lo siguiente con este procedimiento de aumento de pecho:<\/em><\/p>\n<ul>\n<li>Mejor simetr\u00eda de mama<\/li>\n<li>Aumento de tama\u00f1o de los senos<\/li>\n<li>Mejora en la forma del seno<\/li>\n<li>Una mejor contorno general del cuerpo<\/li>\n<\/ul>\n<h2>LA CIRUG\u00cdA DE IMPLANTES MAMARIOS<\/h2>\n<p>En funci\u00f3n de sus expectativas y metas, el Dr. Andreasen desarrollar\u00e1 un plan de aumento de pecho personalizado que le ayudar\u00e1 a alcanzar los resultados m\u00e1s naturales. Durante su visita con el Dr. Andreasen, puede discutir las opciones en la cirug\u00eda de aumento de senos y aprender qu\u00e9 esperar antes y despu\u00e9s de aumento de senos.<\/p>\n<p>Antes de la cirug\u00eda, el Dr. Andreasen le proporcionar\u00e1 instrucciones sobre c\u00f3mo prepararse para el d\u00eda de su procedimiento. Adem\u00e1s, se proporcionar\u00e1n las instrucciones de cuidado posterior, junto con los medicamentos necesarios para su recuperaci\u00f3n. Se recomienda que usted se prepara para su per\u00edodo de recuperaci\u00f3n antes de la cirug\u00eda con el fin de evitar el estr\u00e9s post-quir\u00fargica. Uno de los factores m\u00e1s importantes a considerar es el tipo de implante de mama que se utilizar\u00e1. Dr. Andreasen ofrece gel implantes rellenos de soluci\u00f3n salina y de silicona; sus respectivas ventajas y desventajas se discuten durante la consulta.<\/p>\n<p>Durante el procedimiento en s\u00ed, el Dr. Andreasen puede hacer una incisi\u00f3n debajo de la mama en el pliegue natural, alrededor de la areola, en la axila o en el ombligo. Basado en su anatom\u00eda particular y el resultado deseado, se elegir\u00e1 el lugar de la incisi\u00f3n m\u00e1s apropiado. El siguiente paso es la colocaci\u00f3n del implante; Los implantes pueden ser colocados ya sea por encima del m\u00fasculo del pecho o debajo del m\u00fasculo. Aquellos que tienen la piel m\u00e1s fina pueden ser m\u00e1s adecuados para la colocaci\u00f3n debajo del m\u00fasculo con el fin de reducir el riesgo de ondulaci\u00f3n.<\/p>\n<p>Despu\u00e9s de la cirug\u00eda, sus senos ser\u00e1 vendado y un sujetador especial ser\u00e1 usado por un per\u00edodo determinado de tiempo con el fin de permitir la cicatrizaci\u00f3n adecuada. El movimiento de la zona de los brazos y el pecho se limitar\u00e1 como el cuerpo se adapta a los nuevos implantes mamarios. Por lo general, usted puede regresar a sus actividades ligeras en aproximadamente una semana; sin embargo, levantar objetos pesados \u200b\u200by el ejercicio m\u00e1s vigoroso y actividades no deben iniciarse hasta cuatro a seis semanas. Es importante tomar nota de que su habr\u00e1 alguna hinchaz\u00f3n durante unos meses despu\u00e9s de la cirug\u00eda y puede no desaparecer por completo durante un m\u00e1ximo de un a\u00f1o. Me esfuerzo para proporcionar los resultados m\u00e1s naturales, los senos pueden tomar alg\u00fan tiempo para instalarse en su forma natural. Adem\u00e1s, cicatrices de la incisi\u00f3n son m\u00ednimas, se desvanecen en el tiempo, y frecuentemente cubiertas por la ropa.<\/p>\n<p>Costo del procedimiento ser\u00e1 determinado durante su visita. Por lo general, el tipo de implante, con cargo anestesi\u00f3logo, y la cuota de centro de cirug\u00eda est\u00e1n todos en cuenta al proporcionar un presupuesto sobre el costo final de su procedimiento de aumento de senos. Para los pacientes que se encuentran que pueden no estar seguros si pueden darse el lujo de la cirug\u00eda, ofrecemos opciones de financiamiento a trav\u00e9s de diversos programas de pago de confianza. Nuestro objetivo es ayudarle a alcanzar el resultado deseado sin el estr\u00e9s a\u00f1adido de una carga financiera.<\/p>\n<p>Para lograr resultados \u00f3ptimos, muchos de nuestros pacientes de aumento de senos Ontario y Riverside tambi\u00e9n se someten a una cirug\u00eda de <a title=\"Breast Lift Inland Empire\" href=\"https:\/\/inlandbreastandbody.com\/es\/articles\/breast-lift-inland-empire\/\">levantamiento de senos,<\/a> o \u201cmastopexia.\u201d Cirug\u00eda de implante de mama en combinaci\u00f3n con un levantamiento de senos implica la eliminaci\u00f3n del exceso de piel y tejido mamario, y la inserci\u00f3n de soluci\u00f3n salina o silicona los implantes de gel para una plenitud total. Los pacientes deben ser conscientes de que la adici\u00f3n del procedimiento de levantamiento de senos se sumar\u00e1 al coste final del procedimiento y debe tener esto en cuenta a la hora de investigar sus opciones de financiamiento.<\/p>\n<p>Para obtener m\u00e1s informaci\u00f3n, por favor vea algunos de nuestros resultados de los pacientes mediante la visualizaci\u00f3n de nuestra elevaci\u00f3n del pecho y el aumento del pecho <a title=\"Inland Empire Plastic Surgery Before and After Photos\" href=\"https:\/\/inlandbreastandbody.com\/es\/before-after-gallery-inland-empire\/\">antes y despu\u00e9s de las fotos.<\/a>.<\/p>\n<h3>CONTACTAR AL CIRUJANO DE AUMENTO LA MAMA EN RIVERSIDE<\/h3>\n<p><em>Pacientes de aumento de senos Ontario y Riverside pueden ponerse en contacto con nuestro cirujano Inland Empire, el Dr. Andreasen, llamando al (909) 291-4900 o rellenando nuestro formulario de contacto para programar una consulta gratuita. Tambi\u00e9n puede enviar el Dr. Andreasen un e-mail a <a title=\"E-mail Riverside Cosmetic Surgery Specialist\" href=\"mailto:info@inlandbreastandbody.com\">info@inlandbreastandbody.com<\/a>; \u00e9l personalmente va a responder a sus preguntas.<\/em><\/p>\n","protected":false},"excerpt":{"rendered":"<p>Ontario cirujano de aumento mamario Troy J. Andreasen, MD es el principal \u00f3rgano de mama y el cirujano de Inland Empire. \u00c9l atrae a pacientes en todo el sur de California, desde ciudades como Riverside, debido a su amplia experiencia y nivel de profesionalismo. Nuestro experto cirug\u00eda pl\u00e1stica cosm\u00e9tica, el Dr. Andreasen, ha creado una [&hellip;]<\/p>\n","protected":false},"author":1,"featured_media":0,"parent":809,"menu_order":0,"comment_status":"closed","ping_status":"closed","template":"","meta":{"_acf_changed":false,"footnotes":""},"class_list":["post-827","page","type-page","status-publish","hentry"],"acf":[],"yoast_head":"<!-- This site is optimized with the Yoast SEO plugin v26.9 - https:\/\/yoast.com\/product\/yoast-seo-wordpress\/ -->\n<title>AUMENTO DE SENOS INLAND EMPIRE - AUMENTO DE MAMAS RIVERSIDE - Inland Empire | Dr. Troy Andreasen<\/title>\n<meta name=\"robots\" content=\"index, follow, max-snippet:-1, max-image-preview:large, max-video-preview:-1\" \/>\n<link rel=\"canonical\" href=\"https:\/\/inlandbreastandbody.com\/es\/articles\/riverside-breast-augmentation\/\" \/>\n<meta property=\"og:locale\" content=\"en_US\" \/>\n<meta property=\"og:type\" content=\"article\" \/>\n<meta property=\"og:title\" content=\"AUMENTO DE SENOS INLAND EMPIRE - AUMENTO DE MAMAS RIVERSIDE - Inland Empire | Dr. Troy Andreasen\" \/>\n<meta property=\"og:description\" content=\"Ontario cirujano de aumento mamario Troy J. Andreasen, MD es el principal \u00f3rgano de mama y el cirujano de Inland Empire. \u00c9l atrae a pacientes en todo el sur de California, desde ciudades como Riverside, debido a su amplia experiencia y nivel de profesionalismo. Nuestro experto cirug\u00eda pl\u00e1stica cosm\u00e9tica, el Dr. Andreasen, ha creado una [&hellip;]\" \/>\n<meta property=\"og:url\" content=\"https:\/\/inlandbreastandbody.com\/es\/articles\/riverside-breast-augmentation\/\" \/>\n<meta property=\"og:site_name\" content=\"Troy J. Andreasen, M.D. Board Certified Plastic Surgeon Inland Empire, Cosmetic Surgery Specialist\" \/>\n<meta property=\"article:modified_time\" content=\"2025-06-02T16:25:30+00:00\" \/>\n<meta name=\"twitter:card\" content=\"summary_large_image\" \/>\n<meta name=\"twitter:label1\" content=\"Est. reading time\" \/>\n\t<meta name=\"twitter:data1\" content=\"5 minutes\" \/>\n<script type=\"application\/ld+json\" class=\"yoast-schema-graph\">{\"@context\":\"https:\/\/schema.org\",\"@graph\":[{\"@type\":\"WebPage\",\"@id\":\"https:\/\/inlandbreastandbody.com\/es\/articles\/riverside-breast-augmentation\/\",\"url\":\"https:\/\/inlandbreastandbody.com\/es\/articles\/riverside-breast-augmentation\/\",\"name\":\"AUMENTO DE SENOS INLAND EMPIRE - AUMENTO DE MAMAS RIVERSIDE - Inland Empire | Dr. Troy Andreasen\",\"isPartOf\":{\"@id\":\"https:\/\/inlandbreastandbody.com\/es\/#website\"},\"datePublished\":\"2017-05-17T18:36:54+00:00\",\"dateModified\":\"2025-06-02T16:25:30+00:00\",\"breadcrumb\":{\"@id\":\"https:\/\/inlandbreastandbody.com\/es\/articles\/riverside-breast-augmentation\/#breadcrumb\"},\"inLanguage\":\"en-US\",\"potentialAction\":[{\"@type\":\"ReadAction\",\"target\":[\"https:\/\/inlandbreastandbody.com\/es\/articles\/riverside-breast-augmentation\/\"]}]},{\"@type\":\"BreadcrumbList\",\"@id\":\"https:\/\/inlandbreastandbody.com\/es\/articles\/riverside-breast-augmentation\/#breadcrumb\",\"itemListElement\":[{\"@type\":\"ListItem\",\"position\":1,\"name\":\"Art\u00edculos de Cirug\u00eda Pl\u00e1stica\",\"item\":\"https:\/\/inlandbreastandbody.com\/es\/articles\/\"},{\"@type\":\"ListItem\",\"position\":2,\"name\":\"AUMENTO DE SENOS INLAND EMPIRE &#8211; AUMENTO DE MAMAS RIVERSIDE\"}]},{\"@type\":\"WebSite\",\"@id\":\"https:\/\/inlandbreastandbody.com\/es\/#website\",\"url\":\"https:\/\/inlandbreastandbody.com\/es\/\",\"name\":\"Troy J. Andreasen, M.D. Board Certified Plastic Surgeon Inland Empire, Cosmetic Surgery Specialist\",\"description\":\"Inland Empire&#039;s Premier Breast And Body Surgeon\",\"potentialAction\":[{\"@type\":\"SearchAction\",\"target\":{\"@type\":\"EntryPoint\",\"urlTemplate\":\"https:\/\/inlandbreastandbody.com\/es\/?s={search_term_string}\"},\"query-input\":{\"@type\":\"PropertyValueSpecification\",\"valueRequired\":true,\"valueName\":\"search_term_string\"}}],\"inLanguage\":\"en-US\"}]}<\/script>\n<!-- \/ Yoast SEO plugin. -->","yoast_head_json":{"title":"AUMENTO DE SENOS INLAND EMPIRE - AUMENTO DE MAMAS RIVERSIDE - Inland Empire | Dr. Troy Andreasen","robots":{"index":"index","follow":"follow","max-snippet":"max-snippet:-1","max-image-preview":"max-image-preview:large","max-video-preview":"max-video-preview:-1"},"canonical":"https:\/\/inlandbreastandbody.com\/es\/articles\/riverside-breast-augmentation\/","og_locale":"en_US","og_type":"article","og_title":"AUMENTO DE SENOS INLAND EMPIRE - AUMENTO DE MAMAS RIVERSIDE - Inland Empire | Dr. Troy Andreasen","og_description":"Ontario cirujano de aumento mamario Troy J. Andreasen, MD es el principal \u00f3rgano de mama y el cirujano de Inland Empire. \u00c9l atrae a pacientes en todo el sur de California, desde ciudades como Riverside, debido a su amplia experiencia y nivel de profesionalismo. Nuestro experto cirug\u00eda pl\u00e1stica cosm\u00e9tica, el Dr. Andreasen, ha creado una [&hellip;]","og_url":"https:\/\/inlandbreastandbody.com\/es\/articles\/riverside-breast-augmentation\/","og_site_name":"Troy J. Andreasen, M.D. Board Certified Plastic Surgeon Inland Empire, Cosmetic Surgery Specialist","article_modified_time":"2025-06-02T16:25:30+00:00","twitter_card":"summary_large_image","twitter_misc":{"Est. reading time":"5 minutes"},"schema":{"@context":"https:\/\/schema.org","@graph":[{"@type":"WebPage","@id":"https:\/\/inlandbreastandbody.com\/es\/articles\/riverside-breast-augmentation\/","url":"https:\/\/inlandbreastandbody.com\/es\/articles\/riverside-breast-augmentation\/","name":"AUMENTO DE SENOS INLAND EMPIRE - AUMENTO DE MAMAS RIVERSIDE - Inland Empire | Dr. Troy Andreasen","isPartOf":{"@id":"https:\/\/inlandbreastandbody.com\/es\/#website"},"datePublished":"2017-05-17T18:36:54+00:00","dateModified":"2025-06-02T16:25:30+00:00","breadcrumb":{"@id":"https:\/\/inlandbreastandbody.com\/es\/articles\/riverside-breast-augmentation\/#breadcrumb"},"inLanguage":"en-US","potentialAction":[{"@type":"ReadAction","target":["https:\/\/inlandbreastandbody.com\/es\/articles\/riverside-breast-augmentation\/"]}]},{"@type":"BreadcrumbList","@id":"https:\/\/inlandbreastandbody.com\/es\/articles\/riverside-breast-augmentation\/#breadcrumb","itemListElement":[{"@type":"ListItem","position":1,"name":"Art\u00edculos de Cirug\u00eda Pl\u00e1stica","item":"https:\/\/inlandbreastandbody.com\/es\/articles\/"},{"@type":"ListItem","position":2,"name":"AUMENTO DE SENOS INLAND EMPIRE &#8211; AUMENTO DE MAMAS RIVERSIDE"}]},{"@type":"WebSite","@id":"https:\/\/inlandbreastandbody.com\/es\/#website","url":"https:\/\/inlandbreastandbody.com\/es\/","name":"Troy J. Andreasen, M.D. Board Certified Plastic Surgeon Inland Empire, Cosmetic Surgery Specialist","description":"Inland Empire&#039;s Premier Breast And Body Surgeon","potentialAction":[{"@type":"SearchAction","target":{"@type":"EntryPoint","urlTemplate":"https:\/\/inlandbreastandbody.com\/es\/?s={search_term_string}"},"query-input":{"@type":"PropertyValueSpecification","valueRequired":true,"valueName":"search_term_string"}}],"inLanguage":"en-US"}]}},"_links":{"self":[{"href":"https:\/\/inlandbreastandbody.com\/es\/wp-json\/wp\/v2\/pages\/827","targetHints":{"allow":["GET"]}}],"collection":[{"href":"https:\/\/inlandbreastandbody.com\/es\/wp-json\/wp\/v2\/pages"}],"about":[{"href":"https:\/\/inlandbreastandbody.com\/es\/wp-json\/wp\/v2\/types\/page"}],"author":[{"embeddable":true,"href":"https:\/\/inlandbreastandbody.com\/es\/wp-json\/wp\/v2\/users\/1"}],"replies":[{"embeddable":true,"href":"https:\/\/inlandbreastandbody.com\/es\/wp-json\/wp\/v2\/comments?post=827"}],"version-history":[{"count":2,"href":"https:\/\/inlandbreastandbody.com\/es\/wp-json\/wp\/v2\/pages\/827\/revisions"}],"predecessor-version":[{"id":6250,"href":"https:\/\/inlandbreastandbody.com\/es\/wp-json\/wp\/v2\/pages\/827\/revisions\/6250"}],"up":[{"embeddable":true,"href":"https:\/\/inlandbreastandbody.com\/es\/wp-json\/wp\/v2\/pages\/809"}],"wp:attachment":[{"href":"https:\/\/inlandbreastandbody.com\/es\/wp-json\/wp\/v2\/media?parent=827"}],"curies":[{"name":"wp","href":"https:\/\/api.w.org\/{rel}","templated":true}]}}