{"id":836,"date":"2017-05-17T11:47:00","date_gmt":"2017-05-17T18:47:00","guid":{"rendered":"https:\/\/50.63.167.6\/~iecirugiaplastic\/?page_id=836"},"modified":"2025-06-02T09:16:34","modified_gmt":"2025-06-02T16:16:34","slug":"botox-inland-empire","status":"publish","type":"page","link":"https:\/\/inlandbreastandbody.com\/es\/articles\/botox-inland-empire\/","title":{"rendered":"Botox"},"content":{"rendered":"<h1>BOTOX INLAND EMPIRE &#8211; DERMAL FILLERS RIVERSIDE<\/h1>\n<div class=\"clr\"><\/div>\n<p>Do you find yourself looking in the mirror and analyzing every aspect of your facial skin? Like many others, you may see signs of aging that just do not match how you feel on the inside. If you would like to learn about the various options available in facial rejuvenation, you may visit the practice of Troy J. Andreasen, M.D. Located in the <strong>Inland Empire<\/strong>, Dr. Andreasen offers non-surgical treatments such as <strong>Botox<\/strong>\u00ae.<\/p>\n<h2>FACIAL AGING TREATMENTS<\/h2>\n<p>Due to various factors, including aging, sun exposure, and other chemical pollutants, the facial skin develops unpleasant features. Fine lines, wrinkles, red or brown spots, and acne scars can be treated by our <strong>Rancho Cucamonga Botox<\/strong> professional, Dr. Andreasen. If you have furrows in the forehead\/brow area, Botox injections can help to eliminate their appearance by temporarily blocking the underlying muscles that cause movement.<\/p>\n<p>To help fill in deep creases and wrinkles, injectable dermal fillers can be used to lift the skin and produce a smoother appearance. Some of the facial fillers available at the practice of Dr. Andreasen include Radiesse \u00ae, Juvederm \u00ae, and Perlane \u00ae. Additionally, those who would like to add volume to thin lips may inquire about Restylane \u00ae lip injection treatments.<\/p>\n<p>Patient results are available to view in before and after facial rejuvenation photos. To gain further insight as to the care given by Dr. Andreasen and his staff, you may read <a title=\"Testimonials\" href=\"https:\/\/inlandbreastandbody.com\/es\/testimonials\/\">patient testimonials<\/a>.<\/p>\n<p>In addition to facial treatments, our Inland Empire plastic surgery professional performs breast and body enhancing procedures. Women who hope to regain their pre-pregnancy body shape often opt to undergo a \u201c<a title=\"Inland Empire Mommy Makeover\" href=\"https:\/\/inlandbreastandbody.com\/es\/inland-empire-mommy-makeover\/\">Mommy Makeover<\/a>.\u201d All cosmetic plastic surgery procedures are performed in an accredited surgical center.<\/p>\n<p><strong>Troy J. Andreasen, M.D.<\/strong><\/p>\n<p>Board certified by the <em>American Board of Plastic Surgery<\/em> (ABPS), our <strong>Riverside Botox<\/strong> provider has been in private practice since 2001. He is also a member of the <em>American Society of Plastic Surgeons<\/em> (ASPS),\u00a0and the <em>California Society of Plastic Surgeons<\/em> (CSPS).<\/p>\n<p><em>An initial consultation can be scheduled by calling (909) 291-4900. For added convenience, Dr. Andreasen may also be reached by filling out our <a title=\"Contact Us\" href=\"https:\/\/inlandbreastandbody.com\/es\/contact-inland-empire-cosmetic-surgeon\/\">contact form<\/a> or sending an e-mail to <a href=\"mailto:info@inlandbreastandbody.com\">info@inlandbreastandbody.com<\/a>.<\/em><\/p>\n","protected":false},"excerpt":{"rendered":"<p>BOTOX INLAND EMPIRE &#8211; DERMAL FILLERS RIVERSIDE Do you find yourself looking in the mirror and analyzing every aspect of your facial skin? Like many others, you may see signs of aging that just do not match how you feel on the inside. If you would like to learn about the various options available in [&hellip;]<\/p>\n","protected":false},"author":1,"featured_media":0,"parent":809,"menu_order":0,"comment_status":"closed","ping_status":"closed","template":"","meta":{"_acf_changed":false,"footnotes":""},"class_list":["post-836","page","type-page","status-publish","hentry"],"acf":[],"yoast_head":"<!-- This site is optimized with the Yoast SEO plugin v26.9 - https:\/\/yoast.com\/product\/yoast-seo-wordpress\/ -->\n<title>Botox - Inland Empire | Dr. Troy Andreasen<\/title>\n<meta name=\"robots\" content=\"index, follow, max-snippet:-1, max-image-preview:large, max-video-preview:-1\" \/>\n<link rel=\"canonical\" href=\"https:\/\/inlandbreastandbody.com\/es\/articles\/botox-inland-empire\/\" \/>\n<meta property=\"og:locale\" content=\"en_US\" \/>\n<meta property=\"og:type\" content=\"article\" \/>\n<meta property=\"og:title\" content=\"Botox - Inland Empire | Dr. Troy Andreasen\" \/>\n<meta property=\"og:description\" content=\"BOTOX INLAND EMPIRE &#8211; DERMAL FILLERS RIVERSIDE Do you find yourself looking in the mirror and analyzing every aspect of your facial skin? Like many others, you may see signs of aging that just do not match how you feel on the inside. If you would like to learn about the various options available in [&hellip;]\" \/>\n<meta property=\"og:url\" content=\"https:\/\/inlandbreastandbody.com\/es\/articles\/botox-inland-empire\/\" \/>\n<meta property=\"og:site_name\" content=\"Troy J. Andreasen, M.D. Board Certified Plastic Surgeon Inland Empire, Cosmetic Surgery Specialist\" \/>\n<meta property=\"article:modified_time\" content=\"2025-06-02T16:16:34+00:00\" \/>\n<meta name=\"twitter:card\" content=\"summary_large_image\" \/>\n<meta name=\"twitter:label1\" content=\"Est. reading time\" \/>\n\t<meta name=\"twitter:data1\" content=\"2 minutes\" \/>\n<script type=\"application\/ld+json\" class=\"yoast-schema-graph\">{\"@context\":\"https:\/\/schema.org\",\"@graph\":[{\"@type\":\"WebPage\",\"@id\":\"https:\/\/inlandbreastandbody.com\/es\/articles\/botox-inland-empire\/\",\"url\":\"https:\/\/inlandbreastandbody.com\/es\/articles\/botox-inland-empire\/\",\"name\":\"Botox - Inland Empire | Dr. Troy Andreasen\",\"isPartOf\":{\"@id\":\"https:\/\/inlandbreastandbody.com\/es\/#website\"},\"datePublished\":\"2017-05-17T18:47:00+00:00\",\"dateModified\":\"2025-06-02T16:16:34+00:00\",\"breadcrumb\":{\"@id\":\"https:\/\/inlandbreastandbody.com\/es\/articles\/botox-inland-empire\/#breadcrumb\"},\"inLanguage\":\"en-US\",\"potentialAction\":[{\"@type\":\"ReadAction\",\"target\":[\"https:\/\/inlandbreastandbody.com\/es\/articles\/botox-inland-empire\/\"]}]},{\"@type\":\"BreadcrumbList\",\"@id\":\"https:\/\/inlandbreastandbody.com\/es\/articles\/botox-inland-empire\/#breadcrumb\",\"itemListElement\":[{\"@type\":\"ListItem\",\"position\":1,\"name\":\"Art\u00edculos de Cirug\u00eda Pl\u00e1stica\",\"item\":\"https:\/\/inlandbreastandbody.com\/es\/articles\/\"},{\"@type\":\"ListItem\",\"position\":2,\"name\":\"Botox\"}]},{\"@type\":\"WebSite\",\"@id\":\"https:\/\/inlandbreastandbody.com\/es\/#website\",\"url\":\"https:\/\/inlandbreastandbody.com\/es\/\",\"name\":\"Troy J. Andreasen, M.D. Board Certified Plastic Surgeon Inland Empire, Cosmetic Surgery Specialist\",\"description\":\"Inland Empire&#039;s Premier Breast And Body Surgeon\",\"potentialAction\":[{\"@type\":\"SearchAction\",\"target\":{\"@type\":\"EntryPoint\",\"urlTemplate\":\"https:\/\/inlandbreastandbody.com\/es\/?s={search_term_string}\"},\"query-input\":{\"@type\":\"PropertyValueSpecification\",\"valueRequired\":true,\"valueName\":\"search_term_string\"}}],\"inLanguage\":\"en-US\"}]}<\/script>\n<!-- \/ Yoast SEO plugin. -->","yoast_head_json":{"title":"Botox - Inland Empire | Dr. Troy Andreasen","robots":{"index":"index","follow":"follow","max-snippet":"max-snippet:-1","max-image-preview":"max-image-preview:large","max-video-preview":"max-video-preview:-1"},"canonical":"https:\/\/inlandbreastandbody.com\/es\/articles\/botox-inland-empire\/","og_locale":"en_US","og_type":"article","og_title":"Botox - Inland Empire | Dr. Troy Andreasen","og_description":"BOTOX INLAND EMPIRE &#8211; DERMAL FILLERS RIVERSIDE Do you find yourself looking in the mirror and analyzing every aspect of your facial skin? Like many others, you may see signs of aging that just do not match how you feel on the inside. If you would like to learn about the various options available in [&hellip;]","og_url":"https:\/\/inlandbreastandbody.com\/es\/articles\/botox-inland-empire\/","og_site_name":"Troy J. Andreasen, M.D. Board Certified Plastic Surgeon Inland Empire, Cosmetic Surgery Specialist","article_modified_time":"2025-06-02T16:16:34+00:00","twitter_card":"summary_large_image","twitter_misc":{"Est. reading time":"2 minutes"},"schema":{"@context":"https:\/\/schema.org","@graph":[{"@type":"WebPage","@id":"https:\/\/inlandbreastandbody.com\/es\/articles\/botox-inland-empire\/","url":"https:\/\/inlandbreastandbody.com\/es\/articles\/botox-inland-empire\/","name":"Botox - Inland Empire | Dr. Troy Andreasen","isPartOf":{"@id":"https:\/\/inlandbreastandbody.com\/es\/#website"},"datePublished":"2017-05-17T18:47:00+00:00","dateModified":"2025-06-02T16:16:34+00:00","breadcrumb":{"@id":"https:\/\/inlandbreastandbody.com\/es\/articles\/botox-inland-empire\/#breadcrumb"},"inLanguage":"en-US","potentialAction":[{"@type":"ReadAction","target":["https:\/\/inlandbreastandbody.com\/es\/articles\/botox-inland-empire\/"]}]},{"@type":"BreadcrumbList","@id":"https:\/\/inlandbreastandbody.com\/es\/articles\/botox-inland-empire\/#breadcrumb","itemListElement":[{"@type":"ListItem","position":1,"name":"Art\u00edculos de Cirug\u00eda Pl\u00e1stica","item":"https:\/\/inlandbreastandbody.com\/es\/articles\/"},{"@type":"ListItem","position":2,"name":"Botox"}]},{"@type":"WebSite","@id":"https:\/\/inlandbreastandbody.com\/es\/#website","url":"https:\/\/inlandbreastandbody.com\/es\/","name":"Troy J. Andreasen, M.D. Board Certified Plastic Surgeon Inland Empire, Cosmetic Surgery Specialist","description":"Inland Empire&#039;s Premier Breast And Body Surgeon","potentialAction":[{"@type":"SearchAction","target":{"@type":"EntryPoint","urlTemplate":"https:\/\/inlandbreastandbody.com\/es\/?s={search_term_string}"},"query-input":{"@type":"PropertyValueSpecification","valueRequired":true,"valueName":"search_term_string"}}],"inLanguage":"en-US"}]}},"_links":{"self":[{"href":"https:\/\/inlandbreastandbody.com\/es\/wp-json\/wp\/v2\/pages\/836","targetHints":{"allow":["GET"]}}],"collection":[{"href":"https:\/\/inlandbreastandbody.com\/es\/wp-json\/wp\/v2\/pages"}],"about":[{"href":"https:\/\/inlandbreastandbody.com\/es\/wp-json\/wp\/v2\/types\/page"}],"author":[{"embeddable":true,"href":"https:\/\/inlandbreastandbody.com\/es\/wp-json\/wp\/v2\/users\/1"}],"replies":[{"embeddable":true,"href":"https:\/\/inlandbreastandbody.com\/es\/wp-json\/wp\/v2\/comments?post=836"}],"version-history":[{"count":2,"href":"https:\/\/inlandbreastandbody.com\/es\/wp-json\/wp\/v2\/pages\/836\/revisions"}],"predecessor-version":[{"id":6246,"href":"https:\/\/inlandbreastandbody.com\/es\/wp-json\/wp\/v2\/pages\/836\/revisions\/6246"}],"up":[{"embeddable":true,"href":"https:\/\/inlandbreastandbody.com\/es\/wp-json\/wp\/v2\/pages\/809"}],"wp:attachment":[{"href":"https:\/\/inlandbreastandbody.com\/es\/wp-json\/wp\/v2\/media?parent=836"}],"curies":[{"name":"wp","href":"https:\/\/api.w.org\/{rel}","templated":true}]}}