{"id":838,"date":"2017-05-17T11:47:43","date_gmt":"2017-05-17T18:47:43","guid":{"rendered":"https:\/\/50.63.167.6\/~iecirugiaplastic\/?page_id=838"},"modified":"2025-06-02T09:26:25","modified_gmt":"2025-06-02T16:26:25","slug":"inland-empire-mommy-makeover","status":"publish","type":"page","link":"https:\/\/inlandbreastandbody.com\/es\/articles\/inland-empire-mommy-makeover\/","title":{"rendered":"MOMMY MAKEOVER INLAND EMPIRE &#8211; LEVANTAMIENTO DE SENOS RIVERSIDE"},"content":{"rendered":"<p>Si usted ha experimentado el embarazo y ahora dejado con efectos secundarios desagradables, como los senos ca\u00eddos y un abdomen protuberante, usted puede estar interesado en una <strong>\u201cMommy Makeover\u201c. Inland Empire<\/strong> cirujano pl\u00e1stico Troy J. Andreasen, MD realiza esta combinaci\u00f3n de mama y el cuerpo procedimientos de contorno en un centro quir\u00fargico totalmente acreditado.<\/p>\n<p align=\"center\"><em>\u201cMuchas gracias por todo lo que has hecho. Usted y su personal es realmente maravilloso \u201c.<br \/>\n-Paciente Testimonial<\/em><\/p>\n<p>Al reunirse con el Dr. Andreasen, se le dar\u00e1 un examen f\u00edsico y le har\u00e1 tanto discutir las opciones disponibles para cumplir con los objetivos deseados. La cirug\u00eda Mommy Makeover est\u00e1 dise\u00f1ado para ayudar a las mujeres a recuperar su forma antes del embarazo mediante la combinaci\u00f3n de la cirug\u00eda de mama y cirug\u00edas corporales esculpir. Los procedimientos m\u00e1s utilizados son la cirug\u00eda de levantamiento de senos (\u201cmastopexia\u201d) y \/ o aumento de mamas (\u201cmamoplastia de aumento\u201d), la cirug\u00eda est\u00e9tica de abdomen (\u201cabdominoplastia\u201d), y la liposucci\u00f3n (\u201ctecnologia\u201d).<\/p>\n<p>Los que tienen flacidez senos con p\u00e9rdida de volumen a menudo se benefician de la cirug\u00eda de levantamiento de senos. Este procedimiento elimina el exceso de piel y levanta los pechos a una posici\u00f3n m\u00e1s alta, m\u00e1s joven en la pared tor\u00e1cica. En algunas circunstancias, los implantes mamarios pueden ser utilizados para aumentar el volumen cuando hay flacidez m\u00ednima.<\/p>\n<p>Para las personas que buscan para apretar los m\u00fasculos abdominales estirados, nuestros profesionales Riverside Mommy Makeover realiza una cirug\u00eda est\u00e9tica de abdomen. Este procedimiento tambi\u00e9n quita exceso de piel suelta de la secci\u00f3n media. Adem\u00e1s, la liposucci\u00f3n elimina bolsillos obstinados de grasa en el est\u00f3mago, la espalda baja y caderas.<\/p>\n<p>Los resultados del paciente se pueden ver en antes y despu\u00e9s de Mami Makeover fotos de cirug\u00eda pl\u00e1stica. Para una visi\u00f3n de la atenci\u00f3n recibida por el Dr. Andreasen y su personal, <a title=\"Testimonials\" href=\"https:\/\/inlandbreastandbody.com\/es\/testimonials\/\">testimonios de pacientes<\/a> tambi\u00e9n est\u00e1n disponibles para ver.<\/p>\n<h2>ESPECIALISTA EN CIRUG\u00cdA MOMMY MAKEOVER COSM\u00c9TICA<\/h2>\n<p>En la pr\u00e1ctica privada desde 2001, nuestro cari\u00f1o y profesional m\u00e9dico est\u00e1 certificado por la Junta <em>Americana de Cirug\u00eda Pl\u00e1stica (SPA)<\/em>. Dr. Andreasen es tambi\u00e9n miembro de la <em>Sociedad Americana de Cirujanos Pl\u00e1sticos<\/em> (ASPS),\u00a0y <em>la Sociedad de Cirujanos Pl\u00e1sticos de California <\/em>(CSP).<\/p>\n<p><em>Usted puede programar una consulta inicial con Rancho Cucamonga Mommy Makeover cirujano Dr. Andreasen, llamando al (909) 291-4900. Si lo prefiere, un formulario de <a title=\"Contact Us\" href=\"https:\/\/inlandbreastandbody.com\/es\/contact-inland-empire-cosmetic-surgeon\/\">contacto<\/a> y correo electr\u00f3nico tambi\u00e9n se proporcionan:<a title=\"Contact Riverside Plastic Surgeon\" href=\"mailto:info@inlandbreastandbody.com\">info@inlandbreastandbody.com.<\/a><\/em><\/p>\n","protected":false},"excerpt":{"rendered":"<p>Si usted ha experimentado el embarazo y ahora dejado con efectos secundarios desagradables, como los senos ca\u00eddos y un abdomen protuberante, usted puede estar interesado en una \u201cMommy Makeover\u201c. Inland Empire cirujano pl\u00e1stico Troy J. Andreasen, MD realiza esta combinaci\u00f3n de mama y el cuerpo procedimientos de contorno en un centro quir\u00fargico totalmente acreditado. \u201cMuchas [&hellip;]<\/p>\n","protected":false},"author":1,"featured_media":0,"parent":809,"menu_order":0,"comment_status":"closed","ping_status":"closed","template":"","meta":{"_acf_changed":false,"footnotes":""},"class_list":["post-838","page","type-page","status-publish","hentry"],"acf":[],"yoast_head":"<!-- This site is optimized with the Yoast SEO plugin v26.9 - https:\/\/yoast.com\/product\/yoast-seo-wordpress\/ -->\n<title>MOMMY MAKEOVER INLAND EMPIRE - LEVANTAMIENTO DE SENOS RIVERSIDE - Inland Empire | Dr. Troy Andreasen<\/title>\n<meta name=\"robots\" content=\"index, follow, max-snippet:-1, max-image-preview:large, max-video-preview:-1\" \/>\n<link rel=\"canonical\" href=\"https:\/\/inlandbreastandbody.com\/es\/articles\/inland-empire-mommy-makeover\/\" \/>\n<meta property=\"og:locale\" content=\"en_US\" \/>\n<meta property=\"og:type\" content=\"article\" \/>\n<meta property=\"og:title\" content=\"MOMMY MAKEOVER INLAND EMPIRE - LEVANTAMIENTO DE SENOS RIVERSIDE - Inland Empire | Dr. Troy Andreasen\" \/>\n<meta property=\"og:description\" content=\"Si usted ha experimentado el embarazo y ahora dejado con efectos secundarios desagradables, como los senos ca\u00eddos y un abdomen protuberante, usted puede estar interesado en una \u201cMommy Makeover\u201c. Inland Empire cirujano pl\u00e1stico Troy J. Andreasen, MD realiza esta combinaci\u00f3n de mama y el cuerpo procedimientos de contorno en un centro quir\u00fargico totalmente acreditado. \u201cMuchas [&hellip;]\" \/>\n<meta property=\"og:url\" content=\"https:\/\/inlandbreastandbody.com\/es\/articles\/inland-empire-mommy-makeover\/\" \/>\n<meta property=\"og:site_name\" content=\"Troy J. Andreasen, M.D. Board Certified Plastic Surgeon Inland Empire, Cosmetic Surgery Specialist\" \/>\n<meta property=\"article:modified_time\" content=\"2025-06-02T16:26:25+00:00\" \/>\n<meta name=\"twitter:card\" content=\"summary_large_image\" \/>\n<meta name=\"twitter:label1\" content=\"Est. reading time\" \/>\n\t<meta name=\"twitter:data1\" content=\"2 minutes\" \/>\n<script type=\"application\/ld+json\" class=\"yoast-schema-graph\">{\"@context\":\"https:\/\/schema.org\",\"@graph\":[{\"@type\":\"WebPage\",\"@id\":\"https:\/\/inlandbreastandbody.com\/es\/articles\/inland-empire-mommy-makeover\/\",\"url\":\"https:\/\/inlandbreastandbody.com\/es\/articles\/inland-empire-mommy-makeover\/\",\"name\":\"MOMMY MAKEOVER INLAND EMPIRE - LEVANTAMIENTO DE SENOS RIVERSIDE - Inland Empire | Dr. Troy Andreasen\",\"isPartOf\":{\"@id\":\"https:\/\/inlandbreastandbody.com\/es\/#website\"},\"datePublished\":\"2017-05-17T18:47:43+00:00\",\"dateModified\":\"2025-06-02T16:26:25+00:00\",\"breadcrumb\":{\"@id\":\"https:\/\/inlandbreastandbody.com\/es\/articles\/inland-empire-mommy-makeover\/#breadcrumb\"},\"inLanguage\":\"en-US\",\"potentialAction\":[{\"@type\":\"ReadAction\",\"target\":[\"https:\/\/inlandbreastandbody.com\/es\/articles\/inland-empire-mommy-makeover\/\"]}]},{\"@type\":\"BreadcrumbList\",\"@id\":\"https:\/\/inlandbreastandbody.com\/es\/articles\/inland-empire-mommy-makeover\/#breadcrumb\",\"itemListElement\":[{\"@type\":\"ListItem\",\"position\":1,\"name\":\"Art\u00edculos de Cirug\u00eda Pl\u00e1stica\",\"item\":\"https:\/\/inlandbreastandbody.com\/es\/articles\/\"},{\"@type\":\"ListItem\",\"position\":2,\"name\":\"MOMMY MAKEOVER INLAND EMPIRE &#8211; LEVANTAMIENTO DE SENOS RIVERSIDE\"}]},{\"@type\":\"WebSite\",\"@id\":\"https:\/\/inlandbreastandbody.com\/es\/#website\",\"url\":\"https:\/\/inlandbreastandbody.com\/es\/\",\"name\":\"Troy J. Andreasen, M.D. Board Certified Plastic Surgeon Inland Empire, Cosmetic Surgery Specialist\",\"description\":\"Inland Empire&#039;s Premier Breast And Body Surgeon\",\"potentialAction\":[{\"@type\":\"SearchAction\",\"target\":{\"@type\":\"EntryPoint\",\"urlTemplate\":\"https:\/\/inlandbreastandbody.com\/es\/?s={search_term_string}\"},\"query-input\":{\"@type\":\"PropertyValueSpecification\",\"valueRequired\":true,\"valueName\":\"search_term_string\"}}],\"inLanguage\":\"en-US\"}]}<\/script>\n<!-- \/ Yoast SEO plugin. -->","yoast_head_json":{"title":"MOMMY MAKEOVER INLAND EMPIRE - LEVANTAMIENTO DE SENOS RIVERSIDE - Inland Empire | Dr. Troy Andreasen","robots":{"index":"index","follow":"follow","max-snippet":"max-snippet:-1","max-image-preview":"max-image-preview:large","max-video-preview":"max-video-preview:-1"},"canonical":"https:\/\/inlandbreastandbody.com\/es\/articles\/inland-empire-mommy-makeover\/","og_locale":"en_US","og_type":"article","og_title":"MOMMY MAKEOVER INLAND EMPIRE - LEVANTAMIENTO DE SENOS RIVERSIDE - Inland Empire | Dr. Troy Andreasen","og_description":"Si usted ha experimentado el embarazo y ahora dejado con efectos secundarios desagradables, como los senos ca\u00eddos y un abdomen protuberante, usted puede estar interesado en una \u201cMommy Makeover\u201c. Inland Empire cirujano pl\u00e1stico Troy J. Andreasen, MD realiza esta combinaci\u00f3n de mama y el cuerpo procedimientos de contorno en un centro quir\u00fargico totalmente acreditado. \u201cMuchas [&hellip;]","og_url":"https:\/\/inlandbreastandbody.com\/es\/articles\/inland-empire-mommy-makeover\/","og_site_name":"Troy J. Andreasen, M.D. Board Certified Plastic Surgeon Inland Empire, Cosmetic Surgery Specialist","article_modified_time":"2025-06-02T16:26:25+00:00","twitter_card":"summary_large_image","twitter_misc":{"Est. reading time":"2 minutes"},"schema":{"@context":"https:\/\/schema.org","@graph":[{"@type":"WebPage","@id":"https:\/\/inlandbreastandbody.com\/es\/articles\/inland-empire-mommy-makeover\/","url":"https:\/\/inlandbreastandbody.com\/es\/articles\/inland-empire-mommy-makeover\/","name":"MOMMY MAKEOVER INLAND EMPIRE - LEVANTAMIENTO DE SENOS RIVERSIDE - Inland Empire | Dr. Troy Andreasen","isPartOf":{"@id":"https:\/\/inlandbreastandbody.com\/es\/#website"},"datePublished":"2017-05-17T18:47:43+00:00","dateModified":"2025-06-02T16:26:25+00:00","breadcrumb":{"@id":"https:\/\/inlandbreastandbody.com\/es\/articles\/inland-empire-mommy-makeover\/#breadcrumb"},"inLanguage":"en-US","potentialAction":[{"@type":"ReadAction","target":["https:\/\/inlandbreastandbody.com\/es\/articles\/inland-empire-mommy-makeover\/"]}]},{"@type":"BreadcrumbList","@id":"https:\/\/inlandbreastandbody.com\/es\/articles\/inland-empire-mommy-makeover\/#breadcrumb","itemListElement":[{"@type":"ListItem","position":1,"name":"Art\u00edculos de Cirug\u00eda Pl\u00e1stica","item":"https:\/\/inlandbreastandbody.com\/es\/articles\/"},{"@type":"ListItem","position":2,"name":"MOMMY MAKEOVER INLAND EMPIRE &#8211; LEVANTAMIENTO DE SENOS RIVERSIDE"}]},{"@type":"WebSite","@id":"https:\/\/inlandbreastandbody.com\/es\/#website","url":"https:\/\/inlandbreastandbody.com\/es\/","name":"Troy J. Andreasen, M.D. Board Certified Plastic Surgeon Inland Empire, Cosmetic Surgery Specialist","description":"Inland Empire&#039;s Premier Breast And Body Surgeon","potentialAction":[{"@type":"SearchAction","target":{"@type":"EntryPoint","urlTemplate":"https:\/\/inlandbreastandbody.com\/es\/?s={search_term_string}"},"query-input":{"@type":"PropertyValueSpecification","valueRequired":true,"valueName":"search_term_string"}}],"inLanguage":"en-US"}]}},"_links":{"self":[{"href":"https:\/\/inlandbreastandbody.com\/es\/wp-json\/wp\/v2\/pages\/838","targetHints":{"allow":["GET"]}}],"collection":[{"href":"https:\/\/inlandbreastandbody.com\/es\/wp-json\/wp\/v2\/pages"}],"about":[{"href":"https:\/\/inlandbreastandbody.com\/es\/wp-json\/wp\/v2\/types\/page"}],"author":[{"embeddable":true,"href":"https:\/\/inlandbreastandbody.com\/es\/wp-json\/wp\/v2\/users\/1"}],"replies":[{"embeddable":true,"href":"https:\/\/inlandbreastandbody.com\/es\/wp-json\/wp\/v2\/comments?post=838"}],"version-history":[{"count":2,"href":"https:\/\/inlandbreastandbody.com\/es\/wp-json\/wp\/v2\/pages\/838\/revisions"}],"predecessor-version":[{"id":6251,"href":"https:\/\/inlandbreastandbody.com\/es\/wp-json\/wp\/v2\/pages\/838\/revisions\/6251"}],"up":[{"embeddable":true,"href":"https:\/\/inlandbreastandbody.com\/es\/wp-json\/wp\/v2\/pages\/809"}],"wp:attachment":[{"href":"https:\/\/inlandbreastandbody.com\/es\/wp-json\/wp\/v2\/media?parent=838"}],"curies":[{"name":"wp","href":"https:\/\/api.w.org\/{rel}","templated":true}]}}