{"id":843,"date":"2017-05-17T11:55:10","date_gmt":"2017-05-17T18:55:10","guid":{"rendered":"https:\/\/50.63.167.6\/~iecirugiaplastic\/?page_id=843"},"modified":"2017-05-17T11:55:10","modified_gmt":"2017-05-17T18:55:10","slug":"how-to-choose-the-right-size-breast-implants","status":"publish","type":"page","link":"https:\/\/inlandbreastandbody.com\/es\/articles\/how-to-choose-the-right-size-breast-implants\/","title":{"rendered":"Como Escoger El Tama\u00f1o Correcto de Implantes de Senos"},"content":{"rendered":"<h1 class=\"page-header__title\">COMO ESCOGER EL TAMA\u00d1O CORRECTO DE IMPLANTES DE SENOS<\/h1>\n<div class=\"clr\"><\/div>\n<p>Cuando optan por someterse a una cirug\u00eda de aumento mamario, hay varios factores que deben ser tomados en consideraci\u00f3n. Uno de los m\u00e1s importante de ellos es el tama\u00f1o del implante de mama. Es por esto que el aprendizaje de sus opciones le ayudar\u00e1 a decidir sobre la elecci\u00f3n correcta. Con el fin de lograr una apariencia de aspecto natural, lo mejor es elegir un tama\u00f1o que va a complementar el resto del cuerpo y forma. Las expectativas realistas son vitales cuando se habla de la cirug\u00eda de aumento de pecho.<\/p>\n<blockquote><p>\u201cCon el fin de lograr una apariencia de aspecto natural, lo mejor es elegir un tama\u00f1o que complementar\u00e1 el resto del cuerpo y forma \u201c.<\/p><\/blockquote>\n<p>Durante una visita en mi pr\u00e1ctica Inland Empire, los senos y el cuerpo ser\u00e1n examinados para determinar el plan quir\u00fargico m\u00e1s adecuado para alcanzar el resultado deseado. Sobre la base de su anatom\u00eda particular, ya sea se utilizar\u00e1n salinos o de silicona de gel de implantes mamarios; los implantes salinos se llenan durante el procedimiento, lo que me permite usar mi juicio profesional cuando lo haga con el fin de lograr resultados sim\u00e9tricos, mientras que los implantes de silicona son precargada y no se pueden ajustar sin extirpaci\u00f3n completa y reemplazo. Los pacientes pueden probar \u201cimplantes tester\u201d, que se insertan en el sujetador para que puedan ver los resultados potenciales. Aunque los resultados reales no son exactamente lo mismo, esto le da al paciente una mejor idea de lo que pueden anticipar con su elecci\u00f3n en el tama\u00f1o del implante.<\/p>\n<p>Adem\u00e1s, la cantidad de piel sobre los senos influye en gran medida la<br \/>\ntama\u00f1o del implante mamario. Si usted tiene senos m\u00e1s peque\u00f1os y elasticidad m\u00ednimo, usted no puede ser elegible para un tama\u00f1o del implante m\u00e1s grande. En caso de que optar por un implante grande, hay una mayor posibilidad de ondulaci\u00f3n y la visibilidad del implante. Para los pacientes que se han sometido a una cirug\u00eda de c\u00e1ncer de mama (mastectom\u00eda), un espaciador puede ser necesario antes de colocar el implante permanente. Sin embargo, el tama\u00f1o del implante es todav\u00eda dependiente de la cantidad de la piel y su elasticidad.<\/p>\n<p>Porque no hay dos pacientes que sean iguales, la mejor manera de determinar el tama\u00f1o del implante de mama derecha es mediante la programaci\u00f3n de una cita en mi oficina. Podemos discutir sus opciones y los resultados deseados con el fin de crear un plan quir\u00fargico personalizado. Inland Empire y <a title=\"Riverside breast implants\" href=\"https:\/\/inlandbreastandbody.com\/es\/articles\/riverside-breast-augmentation\/\">los implantes mamarios Riverside<\/a> pacientes tambi\u00e9n pueden ver las <a title=\"Riverside Plastic Surgery Before and After Photos\" href=\"https:\/\/inlandbreastandbody.com\/es\/before-after-gallery-inland-empire\/\">fotos antes y despu\u00e9s<\/a> de ver ejemplos de los resultados previos del paciente.<\/p>\n<h3>CONTACTAR CON LA MAMA RIVERSIDE AUMENTO CIRUJANO<\/h3>\n<p><em>Pacientes de aumento de senos Ontario y Riverside pueden ponerse en contacto con nuestro cirujano Inland Empire, el Dr. Andreasen, llamando al (909) 291-4900 o rellenando nuestro formulario de contacto para programar una consulta gratuita. Tambi\u00e9n puede enviar el Dr. Andreasen un e-mail a <a title=\"E-mail Inland Empire Plastic Surgery Specialist\" href=\"mailto:info@inlandbreastandbody.com\">info@inlandbreastandbody.com<\/a>; \u00e9l personalmente va a responder a sus preguntas.<\/em><\/p>\n","protected":false},"excerpt":{"rendered":"<p>COMO ESCOGER EL TAMA\u00d1O CORRECTO DE IMPLANTES DE SENOS Cuando optan por someterse a una cirug\u00eda de aumento mamario, hay varios factores que deben ser tomados en consideraci\u00f3n. Uno de los m\u00e1s importante de ellos es el tama\u00f1o del implante de mama. Es por esto que el aprendizaje de sus opciones le ayudar\u00e1 a decidir [&hellip;]<\/p>\n","protected":false},"author":1,"featured_media":0,"parent":809,"menu_order":0,"comment_status":"closed","ping_status":"closed","template":"","meta":{"_acf_changed":false,"footnotes":""},"class_list":["post-843","page","type-page","status-publish","hentry"],"acf":[],"yoast_head":"<!-- This site is optimized with the Yoast SEO plugin v26.9 - https:\/\/yoast.com\/product\/yoast-seo-wordpress\/ -->\n<title>Como Escoger El Tama\u00f1o Correcto de Implantes de Senos - Inland Empire | Dr. Troy Andreasen<\/title>\n<meta name=\"robots\" content=\"index, follow, max-snippet:-1, max-image-preview:large, max-video-preview:-1\" \/>\n<link rel=\"canonical\" href=\"https:\/\/inlandbreastandbody.com\/es\/articles\/how-to-choose-the-right-size-breast-implants\/\" \/>\n<meta property=\"og:locale\" content=\"en_US\" \/>\n<meta property=\"og:type\" content=\"article\" \/>\n<meta property=\"og:title\" content=\"Como Escoger El Tama\u00f1o Correcto de Implantes de Senos - Inland Empire | Dr. Troy Andreasen\" \/>\n<meta property=\"og:description\" content=\"COMO ESCOGER EL TAMA\u00d1O CORRECTO DE IMPLANTES DE SENOS Cuando optan por someterse a una cirug\u00eda de aumento mamario, hay varios factores que deben ser tomados en consideraci\u00f3n. Uno de los m\u00e1s importante de ellos es el tama\u00f1o del implante de mama. Es por esto que el aprendizaje de sus opciones le ayudar\u00e1 a decidir [&hellip;]\" \/>\n<meta property=\"og:url\" content=\"https:\/\/inlandbreastandbody.com\/es\/articles\/how-to-choose-the-right-size-breast-implants\/\" \/>\n<meta property=\"og:site_name\" content=\"Troy J. Andreasen, M.D. Board Certified Plastic Surgeon Inland Empire, Cosmetic Surgery Specialist\" \/>\n<meta name=\"twitter:card\" content=\"summary_large_image\" \/>\n<meta name=\"twitter:label1\" content=\"Est. reading time\" \/>\n\t<meta name=\"twitter:data1\" content=\"3 minutes\" \/>\n<script type=\"application\/ld+json\" class=\"yoast-schema-graph\">{\"@context\":\"https:\/\/schema.org\",\"@graph\":[{\"@type\":\"WebPage\",\"@id\":\"https:\/\/inlandbreastandbody.com\/es\/articles\/how-to-choose-the-right-size-breast-implants\/\",\"url\":\"https:\/\/inlandbreastandbody.com\/es\/articles\/how-to-choose-the-right-size-breast-implants\/\",\"name\":\"Como Escoger El Tama\u00f1o Correcto de Implantes de Senos - Inland Empire | Dr. Troy Andreasen\",\"isPartOf\":{\"@id\":\"https:\/\/inlandbreastandbody.com\/es\/#website\"},\"datePublished\":\"2017-05-17T18:55:10+00:00\",\"breadcrumb\":{\"@id\":\"https:\/\/inlandbreastandbody.com\/es\/articles\/how-to-choose-the-right-size-breast-implants\/#breadcrumb\"},\"inLanguage\":\"en-US\",\"potentialAction\":[{\"@type\":\"ReadAction\",\"target\":[\"https:\/\/inlandbreastandbody.com\/es\/articles\/how-to-choose-the-right-size-breast-implants\/\"]}]},{\"@type\":\"BreadcrumbList\",\"@id\":\"https:\/\/inlandbreastandbody.com\/es\/articles\/how-to-choose-the-right-size-breast-implants\/#breadcrumb\",\"itemListElement\":[{\"@type\":\"ListItem\",\"position\":1,\"name\":\"Art\u00edculos de Cirug\u00eda Pl\u00e1stica\",\"item\":\"https:\/\/inlandbreastandbody.com\/es\/articles\/\"},{\"@type\":\"ListItem\",\"position\":2,\"name\":\"Como Escoger El Tama\u00f1o Correcto de Implantes de Senos\"}]},{\"@type\":\"WebSite\",\"@id\":\"https:\/\/inlandbreastandbody.com\/es\/#website\",\"url\":\"https:\/\/inlandbreastandbody.com\/es\/\",\"name\":\"Troy J. Andreasen, M.D. Board Certified Plastic Surgeon Inland Empire, Cosmetic Surgery Specialist\",\"description\":\"Inland Empire&#039;s Premier Breast And Body Surgeon\",\"potentialAction\":[{\"@type\":\"SearchAction\",\"target\":{\"@type\":\"EntryPoint\",\"urlTemplate\":\"https:\/\/inlandbreastandbody.com\/es\/?s={search_term_string}\"},\"query-input\":{\"@type\":\"PropertyValueSpecification\",\"valueRequired\":true,\"valueName\":\"search_term_string\"}}],\"inLanguage\":\"en-US\"}]}<\/script>\n<!-- \/ Yoast SEO plugin. -->","yoast_head_json":{"title":"Como Escoger El Tama\u00f1o Correcto de Implantes de Senos - Inland Empire | Dr. Troy Andreasen","robots":{"index":"index","follow":"follow","max-snippet":"max-snippet:-1","max-image-preview":"max-image-preview:large","max-video-preview":"max-video-preview:-1"},"canonical":"https:\/\/inlandbreastandbody.com\/es\/articles\/how-to-choose-the-right-size-breast-implants\/","og_locale":"en_US","og_type":"article","og_title":"Como Escoger El Tama\u00f1o Correcto de Implantes de Senos - Inland Empire | Dr. Troy Andreasen","og_description":"COMO ESCOGER EL TAMA\u00d1O CORRECTO DE IMPLANTES DE SENOS Cuando optan por someterse a una cirug\u00eda de aumento mamario, hay varios factores que deben ser tomados en consideraci\u00f3n. Uno de los m\u00e1s importante de ellos es el tama\u00f1o del implante de mama. Es por esto que el aprendizaje de sus opciones le ayudar\u00e1 a decidir [&hellip;]","og_url":"https:\/\/inlandbreastandbody.com\/es\/articles\/how-to-choose-the-right-size-breast-implants\/","og_site_name":"Troy J. Andreasen, M.D. Board Certified Plastic Surgeon Inland Empire, Cosmetic Surgery Specialist","twitter_card":"summary_large_image","twitter_misc":{"Est. reading time":"3 minutes"},"schema":{"@context":"https:\/\/schema.org","@graph":[{"@type":"WebPage","@id":"https:\/\/inlandbreastandbody.com\/es\/articles\/how-to-choose-the-right-size-breast-implants\/","url":"https:\/\/inlandbreastandbody.com\/es\/articles\/how-to-choose-the-right-size-breast-implants\/","name":"Como Escoger El Tama\u00f1o Correcto de Implantes de Senos - Inland Empire | Dr. Troy Andreasen","isPartOf":{"@id":"https:\/\/inlandbreastandbody.com\/es\/#website"},"datePublished":"2017-05-17T18:55:10+00:00","breadcrumb":{"@id":"https:\/\/inlandbreastandbody.com\/es\/articles\/how-to-choose-the-right-size-breast-implants\/#breadcrumb"},"inLanguage":"en-US","potentialAction":[{"@type":"ReadAction","target":["https:\/\/inlandbreastandbody.com\/es\/articles\/how-to-choose-the-right-size-breast-implants\/"]}]},{"@type":"BreadcrumbList","@id":"https:\/\/inlandbreastandbody.com\/es\/articles\/how-to-choose-the-right-size-breast-implants\/#breadcrumb","itemListElement":[{"@type":"ListItem","position":1,"name":"Art\u00edculos de Cirug\u00eda Pl\u00e1stica","item":"https:\/\/inlandbreastandbody.com\/es\/articles\/"},{"@type":"ListItem","position":2,"name":"Como Escoger El Tama\u00f1o Correcto de Implantes de Senos"}]},{"@type":"WebSite","@id":"https:\/\/inlandbreastandbody.com\/es\/#website","url":"https:\/\/inlandbreastandbody.com\/es\/","name":"Troy J. Andreasen, M.D. Board Certified Plastic Surgeon Inland Empire, Cosmetic Surgery Specialist","description":"Inland Empire&#039;s Premier Breast And Body Surgeon","potentialAction":[{"@type":"SearchAction","target":{"@type":"EntryPoint","urlTemplate":"https:\/\/inlandbreastandbody.com\/es\/?s={search_term_string}"},"query-input":{"@type":"PropertyValueSpecification","valueRequired":true,"valueName":"search_term_string"}}],"inLanguage":"en-US"}]}},"_links":{"self":[{"href":"https:\/\/inlandbreastandbody.com\/es\/wp-json\/wp\/v2\/pages\/843","targetHints":{"allow":["GET"]}}],"collection":[{"href":"https:\/\/inlandbreastandbody.com\/es\/wp-json\/wp\/v2\/pages"}],"about":[{"href":"https:\/\/inlandbreastandbody.com\/es\/wp-json\/wp\/v2\/types\/page"}],"author":[{"embeddable":true,"href":"https:\/\/inlandbreastandbody.com\/es\/wp-json\/wp\/v2\/users\/1"}],"replies":[{"embeddable":true,"href":"https:\/\/inlandbreastandbody.com\/es\/wp-json\/wp\/v2\/comments?post=843"}],"version-history":[{"count":0,"href":"https:\/\/inlandbreastandbody.com\/es\/wp-json\/wp\/v2\/pages\/843\/revisions"}],"up":[{"embeddable":true,"href":"https:\/\/inlandbreastandbody.com\/es\/wp-json\/wp\/v2\/pages\/809"}],"wp:attachment":[{"href":"https:\/\/inlandbreastandbody.com\/es\/wp-json\/wp\/v2\/media?parent=843"}],"curies":[{"name":"wp","href":"https:\/\/api.w.org\/{rel}","templated":true}]}}