{"id":857,"date":"2017-05-17T13:57:51","date_gmt":"2017-05-17T20:57:51","guid":{"rendered":"https:\/\/50.63.167.6\/~iecirugiaplastic\/?page_id=857"},"modified":"2025-06-02T09:27:35","modified_gmt":"2025-06-02T16:27:35","slug":"inland-empire-liposuction","status":"publish","type":"page","link":"https:\/\/inlandbreastandbody.com\/es\/articles\/inland-empire-liposuction\/","title":{"rendered":"LIPOSUCCI\u00d3N INLAND EMPIRE &#8211; LIPOPLASTIA RIVERSIDE"},"content":{"rendered":"<p>Con el fin de lograr la mejor escultura del cuerpo resulta posible; Troy J. Andreasen, MD es un profesional de la <strong>liposucci\u00f3n Inland Empire<\/strong> que ofrece el m\u00e1s alto nivel de profesionalismo y una amplia experiencia en los procedimientos de mama y corporales. En Ontario, cerca del aeropuerto nacional de Ontario, nuestro m\u00e9dico de la liposucci\u00f3n con frecuencia atrae a pacientes en toda la zona sur de California, desde ciudades como Riverside.<\/p>\n<h2>\u00bfPOR QU\u00c9 ELEGIR EL DR. ANDREASEN?<\/h2>\n<p>\u00c9l est\u00e1 certificado por la Junta Americana de Cirug\u00eda Pl\u00e1stica (SPA), as\u00ed como miembro de la Sociedad Americana de Cirujanos Pl\u00e1sticos (ASPS), haciendo de \u00e9l una excelente opci\u00f3n para su est\u00e9tica necesariamente.<\/p>\n<p>Si tiene exceso de dep\u00f3sitos de resistencia a una dieta saludable y ejercicio regular, la cirug\u00eda de liposucci\u00f3n, o \u201ctecnologia\u201d grasa puede ser adecuado para usted. Este procedimiento se puede realizar en \u00e1reas espec\u00edficas del cuerpo y, a menudo se combina con procedimientos de contorno adicionales.<\/p>\n<p><em>Adem\u00e1s de la liposucci\u00f3n, usted puede optar por someterse a lo siguiente:<\/em><\/p>\n<ul>\n<li>La cirug\u00eda est\u00e9tica de abdomen (\u201cabdominoplastia\u201d): Cuando se realiza junto con la liposucci\u00f3n abdominal, este procedimiento ayuda a esculpir la secci\u00f3n media en un plano, la forma mejor contorno.<\/li>\n<li>El aumento de senos (\u201cmamoplastia de aumento\u201d): Este procedimiento mejora y aumenta la forma de los senos con la inserci\u00f3n de soluci\u00f3n salina o silicona implantes mamarios de gel.<\/li>\n<li>La cirug\u00eda de levantamiento de senos (\u201cmastopexia\u201d): Se levanta y restaura la forma de los senos mediante la eliminaci\u00f3n de exceso de piel y tejido, y luego apretar y levantar a una posici\u00f3n m\u00e1s juvenil.<\/li>\n<\/ul>\n<p>Uno o m\u00e1s de estos procedimientos realizados con la liposucci\u00f3n puede ofrecer a un paciente los mejores resultados de escultura corporal posible. Algunas \u00e1reas comunes de nuestros pacientes de <strong>liposucci\u00f3n Ontario y Riverside<\/strong> optan por incluyen el abdomen, los gl\u00fateos, las caderas y \/ o liposucci\u00f3n de los muslos. Dr. Andreasen menudo combina l\u00e1ser y liposucci\u00f3n ultras\u00f3nica con el fin de promover una mayor eliminaci\u00f3n de grasa.<\/p>\n<p>Para saber m\u00e1s sobre la liposucci\u00f3n, por favor haga una consulta gratuita con el Dr. Andreasen. Durante su cita, usted ser\u00e1 capaz de discutir los riesgos y beneficios de la liposucci\u00f3n, vista antes y despu\u00e9s de la liposucci\u00f3n de pacientes anteriores, y aprender c\u00f3mo prepararse para la cirug\u00eda, tanto antes como despu\u00e9s de la liposucci\u00f3n.<\/p>\n<p><em>Nuestro cirujano liposucci\u00f3n Inland Empire puede ser contactado para una cita llamando al (909) 291-4900 o enviando Dr. Andreasen un e-mail a <a title=\"Contact Riverside Plastic Surgeon\" href=\"mailto:info@inlandbreastandbody.com\">info@inlandbreastandbody.com<\/a>; que responder\u00e1 a sus preguntas personalmente. Si lo prefiere, llene nuestro formulario de <a title=\"Contact Riverside Plastic Surgery Specialist\" href=\"https:\/\/inlandbreastandbody.com\/es\/contact-inland-empire-cosmetic-surgeon\/\">contacto <\/a> para obtener informaci\u00f3n adicional.<\/em><\/p>\n","protected":false},"excerpt":{"rendered":"<p>Con el fin de lograr la mejor escultura del cuerpo resulta posible; Troy J. Andreasen, MD es un profesional de la liposucci\u00f3n Inland Empire que ofrece el m\u00e1s alto nivel de profesionalismo y una amplia experiencia en los procedimientos de mama y corporales. En Ontario, cerca del aeropuerto nacional de Ontario, nuestro m\u00e9dico de la [&hellip;]<\/p>\n","protected":false},"author":1,"featured_media":0,"parent":809,"menu_order":0,"comment_status":"closed","ping_status":"closed","template":"","meta":{"_acf_changed":false,"footnotes":""},"class_list":["post-857","page","type-page","status-publish","hentry"],"acf":[],"yoast_head":"<!-- This site is optimized with the Yoast SEO plugin v26.9 - https:\/\/yoast.com\/product\/yoast-seo-wordpress\/ -->\n<title>LIPOSUCCI\u00d3N INLAND EMPIRE - LIPOPLASTIA RIVERSIDE - Inland Empire | Dr. Troy Andreasen<\/title>\n<meta name=\"robots\" content=\"index, follow, max-snippet:-1, max-image-preview:large, max-video-preview:-1\" \/>\n<link rel=\"canonical\" href=\"https:\/\/inlandbreastandbody.com\/es\/articles\/inland-empire-liposuction\/\" \/>\n<meta property=\"og:locale\" content=\"en_US\" \/>\n<meta property=\"og:type\" content=\"article\" \/>\n<meta property=\"og:title\" content=\"LIPOSUCCI\u00d3N INLAND EMPIRE - LIPOPLASTIA RIVERSIDE - Inland Empire | Dr. Troy Andreasen\" \/>\n<meta property=\"og:description\" content=\"Con el fin de lograr la mejor escultura del cuerpo resulta posible; Troy J. Andreasen, MD es un profesional de la liposucci\u00f3n Inland Empire que ofrece el m\u00e1s alto nivel de profesionalismo y una amplia experiencia en los procedimientos de mama y corporales. En Ontario, cerca del aeropuerto nacional de Ontario, nuestro m\u00e9dico de la [&hellip;]\" \/>\n<meta property=\"og:url\" content=\"https:\/\/inlandbreastandbody.com\/es\/articles\/inland-empire-liposuction\/\" \/>\n<meta property=\"og:site_name\" content=\"Troy J. Andreasen, M.D. Board Certified Plastic Surgeon Inland Empire, Cosmetic Surgery Specialist\" \/>\n<meta property=\"article:modified_time\" content=\"2025-06-02T16:27:35+00:00\" \/>\n<meta name=\"twitter:card\" content=\"summary_large_image\" \/>\n<meta name=\"twitter:label1\" content=\"Est. reading time\" \/>\n\t<meta name=\"twitter:data1\" content=\"2 minutes\" \/>\n<script type=\"application\/ld+json\" class=\"yoast-schema-graph\">{\"@context\":\"https:\/\/schema.org\",\"@graph\":[{\"@type\":\"WebPage\",\"@id\":\"https:\/\/inlandbreastandbody.com\/es\/articles\/inland-empire-liposuction\/\",\"url\":\"https:\/\/inlandbreastandbody.com\/es\/articles\/inland-empire-liposuction\/\",\"name\":\"LIPOSUCCI\u00d3N INLAND EMPIRE - LIPOPLASTIA RIVERSIDE - Inland Empire | Dr. Troy Andreasen\",\"isPartOf\":{\"@id\":\"https:\/\/inlandbreastandbody.com\/es\/#website\"},\"datePublished\":\"2017-05-17T20:57:51+00:00\",\"dateModified\":\"2025-06-02T16:27:35+00:00\",\"breadcrumb\":{\"@id\":\"https:\/\/inlandbreastandbody.com\/es\/articles\/inland-empire-liposuction\/#breadcrumb\"},\"inLanguage\":\"en-US\",\"potentialAction\":[{\"@type\":\"ReadAction\",\"target\":[\"https:\/\/inlandbreastandbody.com\/es\/articles\/inland-empire-liposuction\/\"]}]},{\"@type\":\"BreadcrumbList\",\"@id\":\"https:\/\/inlandbreastandbody.com\/es\/articles\/inland-empire-liposuction\/#breadcrumb\",\"itemListElement\":[{\"@type\":\"ListItem\",\"position\":1,\"name\":\"Art\u00edculos de Cirug\u00eda Pl\u00e1stica\",\"item\":\"https:\/\/inlandbreastandbody.com\/es\/articles\/\"},{\"@type\":\"ListItem\",\"position\":2,\"name\":\"LIPOSUCCI\u00d3N INLAND EMPIRE &#8211; LIPOPLASTIA RIVERSIDE\"}]},{\"@type\":\"WebSite\",\"@id\":\"https:\/\/inlandbreastandbody.com\/es\/#website\",\"url\":\"https:\/\/inlandbreastandbody.com\/es\/\",\"name\":\"Troy J. Andreasen, M.D. Board Certified Plastic Surgeon Inland Empire, Cosmetic Surgery Specialist\",\"description\":\"Inland Empire&#039;s Premier Breast And Body Surgeon\",\"potentialAction\":[{\"@type\":\"SearchAction\",\"target\":{\"@type\":\"EntryPoint\",\"urlTemplate\":\"https:\/\/inlandbreastandbody.com\/es\/?s={search_term_string}\"},\"query-input\":{\"@type\":\"PropertyValueSpecification\",\"valueRequired\":true,\"valueName\":\"search_term_string\"}}],\"inLanguage\":\"en-US\"}]}<\/script>\n<!-- \/ Yoast SEO plugin. -->","yoast_head_json":{"title":"LIPOSUCCI\u00d3N INLAND EMPIRE - LIPOPLASTIA RIVERSIDE - Inland Empire | Dr. Troy Andreasen","robots":{"index":"index","follow":"follow","max-snippet":"max-snippet:-1","max-image-preview":"max-image-preview:large","max-video-preview":"max-video-preview:-1"},"canonical":"https:\/\/inlandbreastandbody.com\/es\/articles\/inland-empire-liposuction\/","og_locale":"en_US","og_type":"article","og_title":"LIPOSUCCI\u00d3N INLAND EMPIRE - LIPOPLASTIA RIVERSIDE - Inland Empire | Dr. Troy Andreasen","og_description":"Con el fin de lograr la mejor escultura del cuerpo resulta posible; Troy J. Andreasen, MD es un profesional de la liposucci\u00f3n Inland Empire que ofrece el m\u00e1s alto nivel de profesionalismo y una amplia experiencia en los procedimientos de mama y corporales. En Ontario, cerca del aeropuerto nacional de Ontario, nuestro m\u00e9dico de la [&hellip;]","og_url":"https:\/\/inlandbreastandbody.com\/es\/articles\/inland-empire-liposuction\/","og_site_name":"Troy J. Andreasen, M.D. Board Certified Plastic Surgeon Inland Empire, Cosmetic Surgery Specialist","article_modified_time":"2025-06-02T16:27:35+00:00","twitter_card":"summary_large_image","twitter_misc":{"Est. reading time":"2 minutes"},"schema":{"@context":"https:\/\/schema.org","@graph":[{"@type":"WebPage","@id":"https:\/\/inlandbreastandbody.com\/es\/articles\/inland-empire-liposuction\/","url":"https:\/\/inlandbreastandbody.com\/es\/articles\/inland-empire-liposuction\/","name":"LIPOSUCCI\u00d3N INLAND EMPIRE - LIPOPLASTIA RIVERSIDE - Inland Empire | Dr. Troy Andreasen","isPartOf":{"@id":"https:\/\/inlandbreastandbody.com\/es\/#website"},"datePublished":"2017-05-17T20:57:51+00:00","dateModified":"2025-06-02T16:27:35+00:00","breadcrumb":{"@id":"https:\/\/inlandbreastandbody.com\/es\/articles\/inland-empire-liposuction\/#breadcrumb"},"inLanguage":"en-US","potentialAction":[{"@type":"ReadAction","target":["https:\/\/inlandbreastandbody.com\/es\/articles\/inland-empire-liposuction\/"]}]},{"@type":"BreadcrumbList","@id":"https:\/\/inlandbreastandbody.com\/es\/articles\/inland-empire-liposuction\/#breadcrumb","itemListElement":[{"@type":"ListItem","position":1,"name":"Art\u00edculos de Cirug\u00eda Pl\u00e1stica","item":"https:\/\/inlandbreastandbody.com\/es\/articles\/"},{"@type":"ListItem","position":2,"name":"LIPOSUCCI\u00d3N INLAND EMPIRE &#8211; LIPOPLASTIA RIVERSIDE"}]},{"@type":"WebSite","@id":"https:\/\/inlandbreastandbody.com\/es\/#website","url":"https:\/\/inlandbreastandbody.com\/es\/","name":"Troy J. Andreasen, M.D. Board Certified Plastic Surgeon Inland Empire, Cosmetic Surgery Specialist","description":"Inland Empire&#039;s Premier Breast And Body Surgeon","potentialAction":[{"@type":"SearchAction","target":{"@type":"EntryPoint","urlTemplate":"https:\/\/inlandbreastandbody.com\/es\/?s={search_term_string}"},"query-input":{"@type":"PropertyValueSpecification","valueRequired":true,"valueName":"search_term_string"}}],"inLanguage":"en-US"}]}},"_links":{"self":[{"href":"https:\/\/inlandbreastandbody.com\/es\/wp-json\/wp\/v2\/pages\/857","targetHints":{"allow":["GET"]}}],"collection":[{"href":"https:\/\/inlandbreastandbody.com\/es\/wp-json\/wp\/v2\/pages"}],"about":[{"href":"https:\/\/inlandbreastandbody.com\/es\/wp-json\/wp\/v2\/types\/page"}],"author":[{"embeddable":true,"href":"https:\/\/inlandbreastandbody.com\/es\/wp-json\/wp\/v2\/users\/1"}],"replies":[{"embeddable":true,"href":"https:\/\/inlandbreastandbody.com\/es\/wp-json\/wp\/v2\/comments?post=857"}],"version-history":[{"count":2,"href":"https:\/\/inlandbreastandbody.com\/es\/wp-json\/wp\/v2\/pages\/857\/revisions"}],"predecessor-version":[{"id":6252,"href":"https:\/\/inlandbreastandbody.com\/es\/wp-json\/wp\/v2\/pages\/857\/revisions\/6252"}],"up":[{"embeddable":true,"href":"https:\/\/inlandbreastandbody.com\/es\/wp-json\/wp\/v2\/pages\/809"}],"wp:attachment":[{"href":"https:\/\/inlandbreastandbody.com\/es\/wp-json\/wp\/v2\/media?parent=857"}],"curies":[{"name":"wp","href":"https:\/\/api.w.org\/{rel}","templated":true}]}}