{"id":862,"date":"2017-05-17T14:03:01","date_gmt":"2017-05-17T21:03:01","guid":{"rendered":"https:\/\/50.63.167.6\/~iecirugiaplastic\/?page_id=862"},"modified":"2025-06-02T09:25:04","modified_gmt":"2025-06-02T16:25:04","slug":"inland-empire-tummy-tuck","status":"publish","type":"page","link":"https:\/\/inlandbreastandbody.com\/es\/articles\/inland-empire-tummy-tuck\/","title":{"rendered":"ABDOMINOPLASTIA INLAND EMPIRE &#8211; RIVERSIDE"},"content":{"rendered":"<p>A pesar de una dieta saludable y ejercicio regular, hay algunas caracter\u00edsticas del cuerpo que muchas personas no pueden corregir, como el exceso, piel fl\u00e1cida en el abdomen. Troy J. Andreasen, MD, especialista en cirug\u00eda est\u00e9tica de <strong>abdomen Inland Empire<\/strong>, puede realizar este procedimiento para eliminar el exceso de piel y rollos de tejido de la secci\u00f3n media; a su vez, esto producir\u00e1 un plano, mejor abdomen contorneada.<\/p>\n<p>Dr. Andreasen incorpora el m\u00e1s alto nivel de profesionalismo y una amplia experiencia al realizar procedimientos de contorno corporal y los pechos.<\/p>\n<p>Barriga cirug\u00eda est\u00e9tica, liposucci\u00f3n y aumento de senos se encuentran entre sus cirug\u00edas realizadas con m\u00e1s frecuencia. Debido a sus amplios conocimientos, el Dr. Andreasen atrae a los pacientes en todo el Inland Empire, de ciudades como Riverside.<\/p>\n<p>Dr. Andreasen est\u00e1 certificado por la Junta Americana de Cirug\u00eda Pl\u00e1stica (SPA), as\u00ed como miembro de la Sociedad Americana de Cirujanos Pl\u00e1sticos (ASPS).<\/p>\n<p>Si desea someterse a una cirug\u00eda est\u00e9tica de abdomen, o \u201cabdominoplastia,\u201d para corregir los cambios post-embarazo a su cuerpo, el Dr. Andreasen puede realizar una combinaci\u00f3n de procedimientos de escultura corporal. Esto se refiere a menudo como \u201cMommy Makeover\u201d.<\/p>\n<p><em>Lo siguiente puede llevarse a cabo adem\u00e1s de la abdominoplastia:<\/em><\/p>\n<ul>\n<li><strong><a title=\"Inland Empire Liposuction\" href=\"https:\/\/inlandbreastandbody.com\/es\/articles\/inland-empire-liposuction\/\">Liposucci\u00f3n<\/a><\/strong> (\u201ctecnologia\u201d): La eliminaci\u00f3n de dep\u00f3sitos de grasa en exceso de regiones espec\u00edficas del cuerpo<\/li>\n<li><strong><a title=\"Riverside Breast Augmentation\" href=\"https:\/\/inlandbreastandbody.com\/es\/articles\/riverside-breast-augmentation\/\">El aumento de senos<\/a><\/strong> (\u201cmamoplastia de aumento\u201d): Mejora de la forma y tama\u00f1o de los senos<\/li>\n<li><strong><a title=\"Breast Lift Inland Empire\" href=\"https:\/\/inlandbreastandbody.com\/es\/articles\/breast-lift-inland-empire\/\">Levantamiento de senos <\/a><\/strong> (\u201cmastopexia\u201d): Restaura los pechos a una posici\u00f3n m\u00e1s juvenil<\/li>\n<\/ul>\n<p>Para aprender m\u00e1s acerca de estos procedimientos, por favor haga una consulta gratuita con nuestro Ontario cirujano abdominoplastia, el Dr. Andreasen.<\/p>\n<p>Durante la consulta, los dos de ustedes hablar de sus expectativas y metas, historia m\u00e9dica, y c\u00f3mo prepararse para una cirug\u00eda est\u00e9tica de abdomen \u2013 antes y despu\u00e9s del procedimiento. Para los pacientes con casos menos graves de exceso de piel y grasa en la regi\u00f3n abdominal, cirug\u00eda est\u00e9tica de abdomen Mini puede ser una opci\u00f3n; Dr. Andreasen le ayudar\u00e1 a decidir qu\u00e9 t\u00e9cnica es adecuado para usted.<\/p>\n<p>Antes de su cita, si\u00e9ntase libre de navegar a trav\u00e9s de nuestras fotos antes y despu\u00e9s cirug\u00eda est\u00e9tica de abdomen para ver algunos de sus resultados de los pacientes anteriores.<\/p>\n<p><em>Por favor llame a (909) 291-4900 o llene nuestro formulario de contacto para programar una consulta inicial con nuestro Inland Empire cirujano abdominoplastia, el Dr. Andreasen. Est\u00e1 situado cerca del aeropuerto de Ontario. Para tener todas sus preguntas contestadas personalmente por nuestro m\u00e9dico, puedes enviarnos un correo electr\u00f3nico directamente en <a title=\"E-mail Riverside Plastic Surgeon\" href=\"mailto:info@inlandbreastandbody.com\">info@inlandbreastandbody.com<\/a>.<\/em><\/p>\n","protected":false},"excerpt":{"rendered":"<p>A pesar de una dieta saludable y ejercicio regular, hay algunas caracter\u00edsticas del cuerpo que muchas personas no pueden corregir, como el exceso, piel fl\u00e1cida en el abdomen. Troy J. Andreasen, MD, especialista en cirug\u00eda est\u00e9tica de abdomen Inland Empire, puede realizar este procedimiento para eliminar el exceso de piel y rollos de tejido de [&hellip;]<\/p>\n","protected":false},"author":1,"featured_media":0,"parent":809,"menu_order":0,"comment_status":"closed","ping_status":"closed","template":"","meta":{"_acf_changed":false,"footnotes":""},"class_list":["post-862","page","type-page","status-publish","hentry"],"acf":[],"yoast_head":"<!-- This site is optimized with the Yoast SEO plugin v27.4 - https:\/\/yoast.com\/product\/yoast-seo-wordpress\/ -->\n<title>ABDOMINOPLASTIA INLAND EMPIRE - RIVERSIDE - Inland Empire | Dr. Troy Andreasen<\/title>\n<meta name=\"robots\" content=\"index, follow, max-snippet:-1, max-image-preview:large, max-video-preview:-1\" \/>\n<link rel=\"canonical\" href=\"https:\/\/inlandbreastandbody.com\/es\/articles\/inland-empire-tummy-tuck\/\" \/>\n<meta property=\"og:locale\" content=\"en_US\" \/>\n<meta property=\"og:type\" content=\"article\" \/>\n<meta property=\"og:title\" content=\"ABDOMINOPLASTIA INLAND EMPIRE - RIVERSIDE - Inland Empire | Dr. Troy Andreasen\" \/>\n<meta property=\"og:description\" content=\"A pesar de una dieta saludable y ejercicio regular, hay algunas caracter\u00edsticas del cuerpo que muchas personas no pueden corregir, como el exceso, piel fl\u00e1cida en el abdomen. Troy J. Andreasen, MD, especialista en cirug\u00eda est\u00e9tica de abdomen Inland Empire, puede realizar este procedimiento para eliminar el exceso de piel y rollos de tejido de [&hellip;]\" \/>\n<meta property=\"og:url\" content=\"https:\/\/inlandbreastandbody.com\/es\/articles\/inland-empire-tummy-tuck\/\" \/>\n<meta property=\"og:site_name\" content=\"Troy J. Andreasen, M.D. Board Certified Plastic Surgeon Inland Empire, Cosmetic Surgery Specialist\" \/>\n<meta property=\"article:modified_time\" content=\"2025-06-02T16:25:04+00:00\" \/>\n<meta name=\"twitter:card\" content=\"summary_large_image\" \/>\n<meta name=\"twitter:label1\" content=\"Est. reading time\" \/>\n\t<meta name=\"twitter:data1\" content=\"2 minutes\" \/>\n<script type=\"application\/ld+json\" class=\"yoast-schema-graph\">{\"@context\":\"https:\\\/\\\/schema.org\",\"@graph\":[{\"@type\":\"WebPage\",\"@id\":\"https:\\\/\\\/inlandbreastandbody.com\\\/es\\\/articles\\\/inland-empire-tummy-tuck\\\/\",\"url\":\"https:\\\/\\\/inlandbreastandbody.com\\\/es\\\/articles\\\/inland-empire-tummy-tuck\\\/\",\"name\":\"ABDOMINOPLASTIA INLAND EMPIRE - RIVERSIDE - Inland Empire | Dr. Troy Andreasen\",\"isPartOf\":{\"@id\":\"https:\\\/\\\/inlandbreastandbody.com\\\/es\\\/#website\"},\"datePublished\":\"2017-05-17T21:03:01+00:00\",\"dateModified\":\"2025-06-02T16:25:04+00:00\",\"breadcrumb\":{\"@id\":\"https:\\\/\\\/inlandbreastandbody.com\\\/es\\\/articles\\\/inland-empire-tummy-tuck\\\/#breadcrumb\"},\"inLanguage\":\"en-US\",\"potentialAction\":[{\"@type\":\"ReadAction\",\"target\":[\"https:\\\/\\\/inlandbreastandbody.com\\\/es\\\/articles\\\/inland-empire-tummy-tuck\\\/\"]}]},{\"@type\":\"BreadcrumbList\",\"@id\":\"https:\\\/\\\/inlandbreastandbody.com\\\/es\\\/articles\\\/inland-empire-tummy-tuck\\\/#breadcrumb\",\"itemListElement\":[{\"@type\":\"ListItem\",\"position\":1,\"name\":\"Art\u00edculos de Cirug\u00eda Pl\u00e1stica\",\"item\":\"https:\\\/\\\/inlandbreastandbody.com\\\/es\\\/articles\\\/\"},{\"@type\":\"ListItem\",\"position\":2,\"name\":\"ABDOMINOPLASTIA INLAND EMPIRE &#8211; RIVERSIDE\"}]},{\"@type\":\"WebSite\",\"@id\":\"https:\\\/\\\/inlandbreastandbody.com\\\/es\\\/#website\",\"url\":\"https:\\\/\\\/inlandbreastandbody.com\\\/es\\\/\",\"name\":\"Troy J. Andreasen, M.D. Board Certified Plastic Surgeon Inland Empire, Cosmetic Surgery Specialist\",\"description\":\"Inland Empire&#039;s Premier Breast And Body Surgeon\",\"potentialAction\":[{\"@type\":\"SearchAction\",\"target\":{\"@type\":\"EntryPoint\",\"urlTemplate\":\"https:\\\/\\\/inlandbreastandbody.com\\\/es\\\/?s={search_term_string}\"},\"query-input\":{\"@type\":\"PropertyValueSpecification\",\"valueRequired\":true,\"valueName\":\"search_term_string\"}}],\"inLanguage\":\"en-US\"}]}<\/script>\n<!-- \/ Yoast SEO plugin. -->","yoast_head_json":{"title":"ABDOMINOPLASTIA INLAND EMPIRE - RIVERSIDE - Inland Empire | Dr. Troy Andreasen","robots":{"index":"index","follow":"follow","max-snippet":"max-snippet:-1","max-image-preview":"max-image-preview:large","max-video-preview":"max-video-preview:-1"},"canonical":"https:\/\/inlandbreastandbody.com\/es\/articles\/inland-empire-tummy-tuck\/","og_locale":"en_US","og_type":"article","og_title":"ABDOMINOPLASTIA INLAND EMPIRE - RIVERSIDE - Inland Empire | Dr. Troy Andreasen","og_description":"A pesar de una dieta saludable y ejercicio regular, hay algunas caracter\u00edsticas del cuerpo que muchas personas no pueden corregir, como el exceso, piel fl\u00e1cida en el abdomen. Troy J. Andreasen, MD, especialista en cirug\u00eda est\u00e9tica de abdomen Inland Empire, puede realizar este procedimiento para eliminar el exceso de piel y rollos de tejido de [&hellip;]","og_url":"https:\/\/inlandbreastandbody.com\/es\/articles\/inland-empire-tummy-tuck\/","og_site_name":"Troy J. Andreasen, M.D. Board Certified Plastic Surgeon Inland Empire, Cosmetic Surgery Specialist","article_modified_time":"2025-06-02T16:25:04+00:00","twitter_card":"summary_large_image","twitter_misc":{"Est. reading time":"2 minutes"},"schema":{"@context":"https:\/\/schema.org","@graph":[{"@type":"WebPage","@id":"https:\/\/inlandbreastandbody.com\/es\/articles\/inland-empire-tummy-tuck\/","url":"https:\/\/inlandbreastandbody.com\/es\/articles\/inland-empire-tummy-tuck\/","name":"ABDOMINOPLASTIA INLAND EMPIRE - RIVERSIDE - Inland Empire | Dr. Troy Andreasen","isPartOf":{"@id":"https:\/\/inlandbreastandbody.com\/es\/#website"},"datePublished":"2017-05-17T21:03:01+00:00","dateModified":"2025-06-02T16:25:04+00:00","breadcrumb":{"@id":"https:\/\/inlandbreastandbody.com\/es\/articles\/inland-empire-tummy-tuck\/#breadcrumb"},"inLanguage":"en-US","potentialAction":[{"@type":"ReadAction","target":["https:\/\/inlandbreastandbody.com\/es\/articles\/inland-empire-tummy-tuck\/"]}]},{"@type":"BreadcrumbList","@id":"https:\/\/inlandbreastandbody.com\/es\/articles\/inland-empire-tummy-tuck\/#breadcrumb","itemListElement":[{"@type":"ListItem","position":1,"name":"Art\u00edculos de Cirug\u00eda Pl\u00e1stica","item":"https:\/\/inlandbreastandbody.com\/es\/articles\/"},{"@type":"ListItem","position":2,"name":"ABDOMINOPLASTIA INLAND EMPIRE &#8211; RIVERSIDE"}]},{"@type":"WebSite","@id":"https:\/\/inlandbreastandbody.com\/es\/#website","url":"https:\/\/inlandbreastandbody.com\/es\/","name":"Troy J. Andreasen, M.D. Board Certified Plastic Surgeon Inland Empire, Cosmetic Surgery Specialist","description":"Inland Empire&#039;s Premier Breast And Body Surgeon","potentialAction":[{"@type":"SearchAction","target":{"@type":"EntryPoint","urlTemplate":"https:\/\/inlandbreastandbody.com\/es\/?s={search_term_string}"},"query-input":{"@type":"PropertyValueSpecification","valueRequired":true,"valueName":"search_term_string"}}],"inLanguage":"en-US"}]}},"_links":{"self":[{"href":"https:\/\/inlandbreastandbody.com\/es\/wp-json\/wp\/v2\/pages\/862","targetHints":{"allow":["GET"]}}],"collection":[{"href":"https:\/\/inlandbreastandbody.com\/es\/wp-json\/wp\/v2\/pages"}],"about":[{"href":"https:\/\/inlandbreastandbody.com\/es\/wp-json\/wp\/v2\/types\/page"}],"author":[{"embeddable":true,"href":"https:\/\/inlandbreastandbody.com\/es\/wp-json\/wp\/v2\/users\/1"}],"replies":[{"embeddable":true,"href":"https:\/\/inlandbreastandbody.com\/es\/wp-json\/wp\/v2\/comments?post=862"}],"version-history":[{"count":2,"href":"https:\/\/inlandbreastandbody.com\/es\/wp-json\/wp\/v2\/pages\/862\/revisions"}],"predecessor-version":[{"id":6249,"href":"https:\/\/inlandbreastandbody.com\/es\/wp-json\/wp\/v2\/pages\/862\/revisions\/6249"}],"up":[{"embeddable":true,"href":"https:\/\/inlandbreastandbody.com\/es\/wp-json\/wp\/v2\/pages\/809"}],"wp:attachment":[{"href":"https:\/\/inlandbreastandbody.com\/es\/wp-json\/wp\/v2\/media?parent=862"}],"curies":[{"name":"wp","href":"https:\/\/api.w.org\/{rel}","templated":true}]}}