{"id":865,"date":"2017-05-17T14:08:34","date_gmt":"2017-05-17T21:08:34","guid":{"rendered":"https:\/\/50.63.167.6\/~iecirugiaplastic\/?page_id=865"},"modified":"2017-05-17T14:08:34","modified_gmt":"2017-05-17T21:08:34","slug":"inland-empire-breast-augmentation-revision","status":"publish","type":"page","link":"https:\/\/inlandbreastandbody.com\/es\/articles\/inland-empire-breast-augmentation-revision\/","title":{"rendered":"Revisi\u00f3n de Aumento de Senos"},"content":{"rendered":"<h1 class=\"page-header__title\">REVISI\u00d3N DE AUMENTO DE SENOS INLAND EMPIRE &#8211; AUMENTO DE MAMAS RIVERSIDE<\/h1>\n<div class=\"clr\"><\/div>\n<p>Si no est\u00e1 satisfecho con los resultados de una cirug\u00eda de mama anterior, Troy J. Andreasen, MD es un especialista en revisi\u00f3n del aumento mamario Inland Empire que pueden ayudarle a lograr un contorno corporal m\u00e1s halagador.<\/p>\n<p>Dr. Andreasen es un cirujano de mama experto que est\u00e1 certificado por la Junta Americana de Cirug\u00eda Pl\u00e1stica (SPA), as\u00ed como un especialista en el contorno del cuerpo humano altamente cualificado. Es miembro de la Sociedad Americana de Cirujanos Pl\u00e1sticos (ASPS) y la Sociedad Americana de Cirug\u00eda Pl\u00e1stica Est\u00e9tica (ASAPS).<\/p>\n<p>En su pr\u00e1ctica en las cercan\u00edas del aeropuerto internacional de Ontario, el Dr. Andreasen ha realizado m\u00e1s de 400 cirug\u00edas de mama al a\u00f1o. Su experiencia con frecuencia atrae a pacientes en todo el sur de California, desde ciudades como Riverside.<\/p>\n<p>Debido a su nivel de profesionalismo y habilidades, el Dr. Andreasen ha proporcionado muchos de sus pacientes de cirug\u00eda de mama revisi\u00f3n con correcciones de cirug\u00eda <a title=\"Inland Empire Breast Augmentation Information\" href=\"https:\/\/inlandbreastandbody.com\/es\/breast-procedures-inland-empire\/breast-augmentation\/\">de aumento de senos<\/a> que han hecho una diferencia significativa en su apariencia general.<\/p>\n<p><em>Las siguientes son las complicaciones de aumento de senos que pueden requerir una revisi\u00f3n de la cirug\u00eda de implante de mama:<\/em><\/p>\n<ul>\n<li>La rotura de un implante (s)<\/li>\n<li>La p\u00e9rdida de la sensibilidad del pez\u00f3n<\/li>\n<li>Capular constructure<\/li>\n<li>Ondulaci\u00f3n de un implante (s)<\/li>\n<\/ul>\n<p>Adem\u00e1s, nuestro experto revisi\u00f3n Ontario aumento de senos, el Dr. Andreasen, tambi\u00e9n puede realizar este procedimiento para ampliar o reducir al m\u00ednimo el tama\u00f1o de los senos.<\/p>\n<p>Si usted piensa que usted es un buen candidato para una revisi\u00f3n del aumento mamario, por favor haga una consulta gratuita con el Dr. Andreasen para aprender acerca de las opciones disponibles para usted.<\/p>\n<p>Durante su cita con nuestro Inland Empire aumento del pecho de expertos de revisi\u00f3n, el Dr. Andreasen, los dos de ustedes hablar de sus expectativas y metas, as\u00ed como lo que puede esperar cuando se someten a una revisi\u00f3n de los implantes de mama, antes y despu\u00e9s de la cirug\u00eda, y los riesgos y beneficios del procedimiento.<\/p>\n<p>Para aprender m\u00e1s acerca de lo que la cirug\u00eda de mama puede ofrecerle, si\u00e9ntase libre de navegar a trav\u00e9s de nuestro aumento de senos <a title=\"Inland Empire Plastic Surgery Before and After Photos\" href=\"https:\/\/inlandbreastandbody.com\/es\/before-after-gallery-inland-empire\/\">antes y despu\u00e9s de las fotos,<\/a> lo que le permite ver algunos de nuestros pacientes \u00faltimos resultados.<\/p>\n<p><em>Por favor, p\u00f3ngase en contacto con nuestro m\u00e9dico para aprender m\u00e1s sobre sus opciones de aumento de senos. Pacientes de Riverside y Ontario pueden llamar al Dr. Andreasen al (909) 291 a 4900 para programar una cita. Para tener respuestas a sus preguntas directamente por nuestro Inland Empire experto aumento de senos, por favor, le enviaremos un e-mail a <a title=\"Contact Inland Empire Cosmetic Surgeon\" href=\"mailto:info@inlandbreastandbody.com\">info@inlandbreastandbody.com<\/a> o llene nuestro formulario de <a title=\"Contact Inland Empire Cosmetic Surgery Specialist\" href=\"https:\/\/inlandbreastandbody.com\/es\/contact-inland-empire-cosmetic-surgeon\/\">contacto.<\/a><\/em><\/p>\n","protected":false},"excerpt":{"rendered":"<p>REVISI\u00d3N DE AUMENTO DE SENOS INLAND EMPIRE &#8211; AUMENTO DE MAMAS RIVERSIDE Si no est\u00e1 satisfecho con los resultados de una cirug\u00eda de mama anterior, Troy J. Andreasen, MD es un especialista en revisi\u00f3n del aumento mamario Inland Empire que pueden ayudarle a lograr un contorno corporal m\u00e1s halagador. Dr. Andreasen es un cirujano de [&hellip;]<\/p>\n","protected":false},"author":1,"featured_media":0,"parent":809,"menu_order":0,"comment_status":"closed","ping_status":"closed","template":"","meta":{"_acf_changed":false,"footnotes":""},"class_list":["post-865","page","type-page","status-publish","hentry"],"acf":[],"yoast_head":"<!-- This site is optimized with the Yoast SEO plugin v26.9 - https:\/\/yoast.com\/product\/yoast-seo-wordpress\/ -->\n<title>Revisi\u00f3n de Aumento de Senos - Inland Empire | Dr. Troy Andreasen<\/title>\n<meta name=\"robots\" content=\"index, follow, max-snippet:-1, max-image-preview:large, max-video-preview:-1\" \/>\n<link rel=\"canonical\" href=\"https:\/\/inlandbreastandbody.com\/es\/articles\/inland-empire-breast-augmentation-revision\/\" \/>\n<meta property=\"og:locale\" content=\"en_US\" \/>\n<meta property=\"og:type\" content=\"article\" \/>\n<meta property=\"og:title\" content=\"Revisi\u00f3n de Aumento de Senos - Inland Empire | Dr. Troy Andreasen\" \/>\n<meta property=\"og:description\" content=\"REVISI\u00d3N DE AUMENTO DE SENOS INLAND EMPIRE &#8211; AUMENTO DE MAMAS RIVERSIDE Si no est\u00e1 satisfecho con los resultados de una cirug\u00eda de mama anterior, Troy J. Andreasen, MD es un especialista en revisi\u00f3n del aumento mamario Inland Empire que pueden ayudarle a lograr un contorno corporal m\u00e1s halagador. Dr. Andreasen es un cirujano de [&hellip;]\" \/>\n<meta property=\"og:url\" content=\"https:\/\/inlandbreastandbody.com\/es\/articles\/inland-empire-breast-augmentation-revision\/\" \/>\n<meta property=\"og:site_name\" content=\"Troy J. Andreasen, M.D. Board Certified Plastic Surgeon Inland Empire, Cosmetic Surgery Specialist\" \/>\n<meta name=\"twitter:card\" content=\"summary_large_image\" \/>\n<meta name=\"twitter:label1\" content=\"Est. reading time\" \/>\n\t<meta name=\"twitter:data1\" content=\"2 minutes\" \/>\n<script type=\"application\/ld+json\" class=\"yoast-schema-graph\">{\"@context\":\"https:\/\/schema.org\",\"@graph\":[{\"@type\":\"WebPage\",\"@id\":\"https:\/\/inlandbreastandbody.com\/es\/articles\/inland-empire-breast-augmentation-revision\/\",\"url\":\"https:\/\/inlandbreastandbody.com\/es\/articles\/inland-empire-breast-augmentation-revision\/\",\"name\":\"Revisi\u00f3n de Aumento de Senos - Inland Empire | Dr. Troy Andreasen\",\"isPartOf\":{\"@id\":\"https:\/\/inlandbreastandbody.com\/es\/#website\"},\"datePublished\":\"2017-05-17T21:08:34+00:00\",\"breadcrumb\":{\"@id\":\"https:\/\/inlandbreastandbody.com\/es\/articles\/inland-empire-breast-augmentation-revision\/#breadcrumb\"},\"inLanguage\":\"en-US\",\"potentialAction\":[{\"@type\":\"ReadAction\",\"target\":[\"https:\/\/inlandbreastandbody.com\/es\/articles\/inland-empire-breast-augmentation-revision\/\"]}]},{\"@type\":\"BreadcrumbList\",\"@id\":\"https:\/\/inlandbreastandbody.com\/es\/articles\/inland-empire-breast-augmentation-revision\/#breadcrumb\",\"itemListElement\":[{\"@type\":\"ListItem\",\"position\":1,\"name\":\"Art\u00edculos de Cirug\u00eda Pl\u00e1stica\",\"item\":\"https:\/\/inlandbreastandbody.com\/es\/articles\/\"},{\"@type\":\"ListItem\",\"position\":2,\"name\":\"Revisi\u00f3n de Aumento de Senos\"}]},{\"@type\":\"WebSite\",\"@id\":\"https:\/\/inlandbreastandbody.com\/es\/#website\",\"url\":\"https:\/\/inlandbreastandbody.com\/es\/\",\"name\":\"Troy J. Andreasen, M.D. Board Certified Plastic Surgeon Inland Empire, Cosmetic Surgery Specialist\",\"description\":\"Inland Empire&#039;s Premier Breast And Body Surgeon\",\"potentialAction\":[{\"@type\":\"SearchAction\",\"target\":{\"@type\":\"EntryPoint\",\"urlTemplate\":\"https:\/\/inlandbreastandbody.com\/es\/?s={search_term_string}\"},\"query-input\":{\"@type\":\"PropertyValueSpecification\",\"valueRequired\":true,\"valueName\":\"search_term_string\"}}],\"inLanguage\":\"en-US\"}]}<\/script>\n<!-- \/ Yoast SEO plugin. -->","yoast_head_json":{"title":"Revisi\u00f3n de Aumento de Senos - Inland Empire | Dr. Troy Andreasen","robots":{"index":"index","follow":"follow","max-snippet":"max-snippet:-1","max-image-preview":"max-image-preview:large","max-video-preview":"max-video-preview:-1"},"canonical":"https:\/\/inlandbreastandbody.com\/es\/articles\/inland-empire-breast-augmentation-revision\/","og_locale":"en_US","og_type":"article","og_title":"Revisi\u00f3n de Aumento de Senos - Inland Empire | Dr. Troy Andreasen","og_description":"REVISI\u00d3N DE AUMENTO DE SENOS INLAND EMPIRE &#8211; AUMENTO DE MAMAS RIVERSIDE Si no est\u00e1 satisfecho con los resultados de una cirug\u00eda de mama anterior, Troy J. Andreasen, MD es un especialista en revisi\u00f3n del aumento mamario Inland Empire que pueden ayudarle a lograr un contorno corporal m\u00e1s halagador. Dr. Andreasen es un cirujano de [&hellip;]","og_url":"https:\/\/inlandbreastandbody.com\/es\/articles\/inland-empire-breast-augmentation-revision\/","og_site_name":"Troy J. Andreasen, M.D. Board Certified Plastic Surgeon Inland Empire, Cosmetic Surgery Specialist","twitter_card":"summary_large_image","twitter_misc":{"Est. reading time":"2 minutes"},"schema":{"@context":"https:\/\/schema.org","@graph":[{"@type":"WebPage","@id":"https:\/\/inlandbreastandbody.com\/es\/articles\/inland-empire-breast-augmentation-revision\/","url":"https:\/\/inlandbreastandbody.com\/es\/articles\/inland-empire-breast-augmentation-revision\/","name":"Revisi\u00f3n de Aumento de Senos - Inland Empire | Dr. Troy Andreasen","isPartOf":{"@id":"https:\/\/inlandbreastandbody.com\/es\/#website"},"datePublished":"2017-05-17T21:08:34+00:00","breadcrumb":{"@id":"https:\/\/inlandbreastandbody.com\/es\/articles\/inland-empire-breast-augmentation-revision\/#breadcrumb"},"inLanguage":"en-US","potentialAction":[{"@type":"ReadAction","target":["https:\/\/inlandbreastandbody.com\/es\/articles\/inland-empire-breast-augmentation-revision\/"]}]},{"@type":"BreadcrumbList","@id":"https:\/\/inlandbreastandbody.com\/es\/articles\/inland-empire-breast-augmentation-revision\/#breadcrumb","itemListElement":[{"@type":"ListItem","position":1,"name":"Art\u00edculos de Cirug\u00eda Pl\u00e1stica","item":"https:\/\/inlandbreastandbody.com\/es\/articles\/"},{"@type":"ListItem","position":2,"name":"Revisi\u00f3n de Aumento de Senos"}]},{"@type":"WebSite","@id":"https:\/\/inlandbreastandbody.com\/es\/#website","url":"https:\/\/inlandbreastandbody.com\/es\/","name":"Troy J. Andreasen, M.D. Board Certified Plastic Surgeon Inland Empire, Cosmetic Surgery Specialist","description":"Inland Empire&#039;s Premier Breast And Body Surgeon","potentialAction":[{"@type":"SearchAction","target":{"@type":"EntryPoint","urlTemplate":"https:\/\/inlandbreastandbody.com\/es\/?s={search_term_string}"},"query-input":{"@type":"PropertyValueSpecification","valueRequired":true,"valueName":"search_term_string"}}],"inLanguage":"en-US"}]}},"_links":{"self":[{"href":"https:\/\/inlandbreastandbody.com\/es\/wp-json\/wp\/v2\/pages\/865","targetHints":{"allow":["GET"]}}],"collection":[{"href":"https:\/\/inlandbreastandbody.com\/es\/wp-json\/wp\/v2\/pages"}],"about":[{"href":"https:\/\/inlandbreastandbody.com\/es\/wp-json\/wp\/v2\/types\/page"}],"author":[{"embeddable":true,"href":"https:\/\/inlandbreastandbody.com\/es\/wp-json\/wp\/v2\/users\/1"}],"replies":[{"embeddable":true,"href":"https:\/\/inlandbreastandbody.com\/es\/wp-json\/wp\/v2\/comments?post=865"}],"version-history":[{"count":0,"href":"https:\/\/inlandbreastandbody.com\/es\/wp-json\/wp\/v2\/pages\/865\/revisions"}],"up":[{"embeddable":true,"href":"https:\/\/inlandbreastandbody.com\/es\/wp-json\/wp\/v2\/pages\/809"}],"wp:attachment":[{"href":"https:\/\/inlandbreastandbody.com\/es\/wp-json\/wp\/v2\/media?parent=865"}],"curies":[{"name":"wp","href":"https:\/\/api.w.org\/{rel}","templated":true}]}}