{"id":867,"date":"2017-05-17T14:26:11","date_gmt":"2017-05-17T21:26:11","guid":{"rendered":"https:\/\/50.63.167.6\/~iecirugiaplastic\/?page_id=867"},"modified":"2017-05-17T14:26:11","modified_gmt":"2017-05-17T21:26:11","slug":"breast-enhancement-riverside","status":"publish","type":"page","link":"https:\/\/inlandbreastandbody.com\/es\/articles\/breast-enhancement-riverside\/","title":{"rendered":"Enbellecimiento de Senos"},"content":{"rendered":"<h1>ENBELLECIMIENTO DE SENOS INLAND EMPIRE &#8211; AUMENTO DE MAMAS RIVERSIDE<\/h1>\n<div class=\"clr\"><\/div>\n<p>Un signo de la feminidad, los pechos grandes son un bien codiciado para aquellos que han perdido volumen o tener un peque\u00f1o busto de forma natural. Con el fin de ayudar a las mujeres a alcanzar una forma m\u00e1s voluptuosa, Troy J. Andreasen, MD realiza el realce del pecho, cerca de Riverside, CA. Junto con un personal c\u00e1lido y acogedor, nuestro cirujano pl\u00e1stico le ayudar\u00e1 a sentirse a gusto durante su experiencia quir\u00fargica completa.<\/p>\n<p><em><strong>Quiero senos m\u00e1s grandes \u2026 \u00bfCu\u00e1l es el siguiente paso?<\/strong><\/em><\/p>\n<p>Se alienta a las mujeres que desean mejorar sus pechos consultar Dr. Andreasen para discutir las opciones disponibles. Durante esta visita, se realiza un examen f\u00edsico para determinar el mejor plan de tratamiento para el individuo. Por otra parte, se esfuerza por ofrecer a los pacientes con m\u00ednimo tiempo de inactividad despu\u00e9s de la cirug\u00eda; muchas mujeres han vuelto a, actividades diarias de luz en 24 a 48 horas despu\u00e9s de la cirug\u00eda.<\/p>\n<p>Algunos de los factores a considerar en cuanto a la cirug\u00eda <a title=\"Riverside Breast Augmentation\" href=\"https:\/\/inlandbreastandbody.com\/es\/articles\/riverside-breast-augmentation\/\">de aumento de senos<\/a> (\u201cmamoplastia de aumento\u201d) incluir el tipo de implante mamario, la colocaci\u00f3n del implante, y la localizaci\u00f3n de la incisi\u00f3n. Dr. Andreasen ofrece salinos y de silicona implantes mamarios de gel; basado en su anatom\u00eda \u00fanica y metas deseadas, se recomendar\u00e1 la opci\u00f3n m\u00e1s apropiada. A continuaci\u00f3n, decidir sobre la colocaci\u00f3n (por encima o por debajo del m\u00fasculo del pecho) y el lugar de la incisi\u00f3n. Se trata, en el pliegue debajo del seno, alrededor del pez\u00f3n, en la axila, oa trav\u00e9s del ombligo (TUBA).<\/p>\n<p>Often, women who undergo <strong>breast enhancement<\/strong> with our <strong>Inland Empire<\/strong> specialist opt to combine other body contouring procedures in what is termed a \u201c<a title=\"Inland Empire Mommy Makeover\" href=\"https:\/\/inlandbreastandbody.com\/es\/articles\/inland-empire-mommy-makeover\/\">Mommy Makeover<\/a>.\u201d <a title=\"Tummy Tuck Information\" href=\"https:\/\/inlandbreastandbody.com\/es\/body-procedures-inland-empire\/tummy-tuck\/\">Tummy tuck surgery<\/a> (\u201cabdominoplasty\u201d) and <a title=\"Liposuction Information\" href=\"https:\/\/inlandbreastandbody.com\/es\/body-procedures-inland-empire\/liposuction\/\">liposuction<\/a> (\u201clipoplasty\u201d) are often combined to produce optimal results. Further details can be provided during your breast enhancement surgery consultation.<\/p>\n<p>Examples of Dr. Andreasen\u2019s patient results are available in <a title=\"Breast Augmentation Before and After Photos\" href=\"https:\/\/inlandbreastandbody.com\/es\/before-after-gallery-inland-empire\/\">before and after breast surgery photos<\/a>. Additionally, <a title=\"Testimonials\" href=\"https:\/\/inlandbreastandbody.com\/es\/testimonials\/\">patient testimonials<\/a> give insight to the care provided at his practice.<\/p>\n<p align=\"center\"><em>\u201cYour work is amazing. I feel blessed to have been referred to you. You are a true artist of your work. I could have never imagined being this happy with my results, especially so soon after the procedure.\u201d<br \/>\n-Patient Testimonial<\/em><\/p>\n<p>A highly qualified plastic surgeon, Dr. Andreasen is board certified by the <em>American Board of Plastic Surgery<\/em> (ABPS). He has been in private practice since 2001 and is a member of the <em>American Society of Plastic Surgeons<\/em> (ASPS), the <em>American Society for Aesthetic Plastic Surgery<\/em> (ASAPS), and the <em>California Society of Plastic Surgeons<\/em> (CSPS). As an added safety measure, Dr. Andreasen performs all procedures at an accredited surgical facility.<\/p>\n<p><em>Our <strong>breast enhancement<\/strong> specialist near <strong>Rancho Cucamonga<\/strong> can be reached by calling (909) 291-4900. If you prefer, you may send an e-mail to <a href=\"mailto:info@inlandbreastandbody.com\">info@inlandbreastandbody.com<\/a> or fill out our <a title=\"Contact Inland Empire Plastic Surgeon\" href=\"https:\/\/inlandbreastandbody.com\/es\/contact-inland-empire-cosmetic-surgeon\/\">contact form<\/a>.<\/em><\/p>\n","protected":false},"excerpt":{"rendered":"<p>ENBELLECIMIENTO DE SENOS INLAND EMPIRE &#8211; AUMENTO DE MAMAS RIVERSIDE Un signo de la feminidad, los pechos grandes son un bien codiciado para aquellos que han perdido volumen o tener un peque\u00f1o busto de forma natural. Con el fin de ayudar a las mujeres a alcanzar una forma m\u00e1s voluptuosa, Troy J. Andreasen, MD realiza [&hellip;]<\/p>\n","protected":false},"author":1,"featured_media":0,"parent":809,"menu_order":0,"comment_status":"closed","ping_status":"closed","template":"","meta":{"_acf_changed":false,"footnotes":""},"class_list":["post-867","page","type-page","status-publish","hentry"],"acf":[],"yoast_head":"<!-- This site is optimized with the Yoast SEO plugin v26.9 - https:\/\/yoast.com\/product\/yoast-seo-wordpress\/ -->\n<title>Enbellecimiento de Senos - Inland Empire | Dr. Troy Andreasen<\/title>\n<meta name=\"robots\" content=\"index, follow, max-snippet:-1, max-image-preview:large, max-video-preview:-1\" \/>\n<link rel=\"canonical\" href=\"https:\/\/inlandbreastandbody.com\/es\/articles\/breast-enhancement-riverside\/\" \/>\n<meta property=\"og:locale\" content=\"en_US\" \/>\n<meta property=\"og:type\" content=\"article\" \/>\n<meta property=\"og:title\" content=\"Enbellecimiento de Senos - Inland Empire | Dr. Troy Andreasen\" \/>\n<meta property=\"og:description\" content=\"ENBELLECIMIENTO DE SENOS INLAND EMPIRE &#8211; AUMENTO DE MAMAS RIVERSIDE Un signo de la feminidad, los pechos grandes son un bien codiciado para aquellos que han perdido volumen o tener un peque\u00f1o busto de forma natural. Con el fin de ayudar a las mujeres a alcanzar una forma m\u00e1s voluptuosa, Troy J. Andreasen, MD realiza [&hellip;]\" \/>\n<meta property=\"og:url\" content=\"https:\/\/inlandbreastandbody.com\/es\/articles\/breast-enhancement-riverside\/\" \/>\n<meta property=\"og:site_name\" content=\"Troy J. Andreasen, M.D. Board Certified Plastic Surgeon Inland Empire, Cosmetic Surgery Specialist\" \/>\n<meta name=\"twitter:card\" content=\"summary_large_image\" \/>\n<meta name=\"twitter:label1\" content=\"Est. reading time\" \/>\n\t<meta name=\"twitter:data1\" content=\"3 minutes\" \/>\n<script type=\"application\/ld+json\" class=\"yoast-schema-graph\">{\"@context\":\"https:\/\/schema.org\",\"@graph\":[{\"@type\":\"WebPage\",\"@id\":\"https:\/\/inlandbreastandbody.com\/es\/articles\/breast-enhancement-riverside\/\",\"url\":\"https:\/\/inlandbreastandbody.com\/es\/articles\/breast-enhancement-riverside\/\",\"name\":\"Enbellecimiento de Senos - Inland Empire | Dr. Troy Andreasen\",\"isPartOf\":{\"@id\":\"https:\/\/inlandbreastandbody.com\/es\/#website\"},\"datePublished\":\"2017-05-17T21:26:11+00:00\",\"breadcrumb\":{\"@id\":\"https:\/\/inlandbreastandbody.com\/es\/articles\/breast-enhancement-riverside\/#breadcrumb\"},\"inLanguage\":\"en-US\",\"potentialAction\":[{\"@type\":\"ReadAction\",\"target\":[\"https:\/\/inlandbreastandbody.com\/es\/articles\/breast-enhancement-riverside\/\"]}]},{\"@type\":\"BreadcrumbList\",\"@id\":\"https:\/\/inlandbreastandbody.com\/es\/articles\/breast-enhancement-riverside\/#breadcrumb\",\"itemListElement\":[{\"@type\":\"ListItem\",\"position\":1,\"name\":\"Art\u00edculos de Cirug\u00eda Pl\u00e1stica\",\"item\":\"https:\/\/inlandbreastandbody.com\/es\/articles\/\"},{\"@type\":\"ListItem\",\"position\":2,\"name\":\"Enbellecimiento de Senos\"}]},{\"@type\":\"WebSite\",\"@id\":\"https:\/\/inlandbreastandbody.com\/es\/#website\",\"url\":\"https:\/\/inlandbreastandbody.com\/es\/\",\"name\":\"Troy J. Andreasen, M.D. Board Certified Plastic Surgeon Inland Empire, Cosmetic Surgery Specialist\",\"description\":\"Inland Empire&#039;s Premier Breast And Body Surgeon\",\"potentialAction\":[{\"@type\":\"SearchAction\",\"target\":{\"@type\":\"EntryPoint\",\"urlTemplate\":\"https:\/\/inlandbreastandbody.com\/es\/?s={search_term_string}\"},\"query-input\":{\"@type\":\"PropertyValueSpecification\",\"valueRequired\":true,\"valueName\":\"search_term_string\"}}],\"inLanguage\":\"en-US\"}]}<\/script>\n<!-- \/ Yoast SEO plugin. -->","yoast_head_json":{"title":"Enbellecimiento de Senos - Inland Empire | Dr. Troy Andreasen","robots":{"index":"index","follow":"follow","max-snippet":"max-snippet:-1","max-image-preview":"max-image-preview:large","max-video-preview":"max-video-preview:-1"},"canonical":"https:\/\/inlandbreastandbody.com\/es\/articles\/breast-enhancement-riverside\/","og_locale":"en_US","og_type":"article","og_title":"Enbellecimiento de Senos - Inland Empire | Dr. Troy Andreasen","og_description":"ENBELLECIMIENTO DE SENOS INLAND EMPIRE &#8211; AUMENTO DE MAMAS RIVERSIDE Un signo de la feminidad, los pechos grandes son un bien codiciado para aquellos que han perdido volumen o tener un peque\u00f1o busto de forma natural. Con el fin de ayudar a las mujeres a alcanzar una forma m\u00e1s voluptuosa, Troy J. Andreasen, MD realiza [&hellip;]","og_url":"https:\/\/inlandbreastandbody.com\/es\/articles\/breast-enhancement-riverside\/","og_site_name":"Troy J. Andreasen, M.D. Board Certified Plastic Surgeon Inland Empire, Cosmetic Surgery Specialist","twitter_card":"summary_large_image","twitter_misc":{"Est. reading time":"3 minutes"},"schema":{"@context":"https:\/\/schema.org","@graph":[{"@type":"WebPage","@id":"https:\/\/inlandbreastandbody.com\/es\/articles\/breast-enhancement-riverside\/","url":"https:\/\/inlandbreastandbody.com\/es\/articles\/breast-enhancement-riverside\/","name":"Enbellecimiento de Senos - Inland Empire | Dr. Troy Andreasen","isPartOf":{"@id":"https:\/\/inlandbreastandbody.com\/es\/#website"},"datePublished":"2017-05-17T21:26:11+00:00","breadcrumb":{"@id":"https:\/\/inlandbreastandbody.com\/es\/articles\/breast-enhancement-riverside\/#breadcrumb"},"inLanguage":"en-US","potentialAction":[{"@type":"ReadAction","target":["https:\/\/inlandbreastandbody.com\/es\/articles\/breast-enhancement-riverside\/"]}]},{"@type":"BreadcrumbList","@id":"https:\/\/inlandbreastandbody.com\/es\/articles\/breast-enhancement-riverside\/#breadcrumb","itemListElement":[{"@type":"ListItem","position":1,"name":"Art\u00edculos de Cirug\u00eda Pl\u00e1stica","item":"https:\/\/inlandbreastandbody.com\/es\/articles\/"},{"@type":"ListItem","position":2,"name":"Enbellecimiento de Senos"}]},{"@type":"WebSite","@id":"https:\/\/inlandbreastandbody.com\/es\/#website","url":"https:\/\/inlandbreastandbody.com\/es\/","name":"Troy J. Andreasen, M.D. Board Certified Plastic Surgeon Inland Empire, Cosmetic Surgery Specialist","description":"Inland Empire&#039;s Premier Breast And Body Surgeon","potentialAction":[{"@type":"SearchAction","target":{"@type":"EntryPoint","urlTemplate":"https:\/\/inlandbreastandbody.com\/es\/?s={search_term_string}"},"query-input":{"@type":"PropertyValueSpecification","valueRequired":true,"valueName":"search_term_string"}}],"inLanguage":"en-US"}]}},"_links":{"self":[{"href":"https:\/\/inlandbreastandbody.com\/es\/wp-json\/wp\/v2\/pages\/867","targetHints":{"allow":["GET"]}}],"collection":[{"href":"https:\/\/inlandbreastandbody.com\/es\/wp-json\/wp\/v2\/pages"}],"about":[{"href":"https:\/\/inlandbreastandbody.com\/es\/wp-json\/wp\/v2\/types\/page"}],"author":[{"embeddable":true,"href":"https:\/\/inlandbreastandbody.com\/es\/wp-json\/wp\/v2\/users\/1"}],"replies":[{"embeddable":true,"href":"https:\/\/inlandbreastandbody.com\/es\/wp-json\/wp\/v2\/comments?post=867"}],"version-history":[{"count":0,"href":"https:\/\/inlandbreastandbody.com\/es\/wp-json\/wp\/v2\/pages\/867\/revisions"}],"up":[{"embeddable":true,"href":"https:\/\/inlandbreastandbody.com\/es\/wp-json\/wp\/v2\/pages\/809"}],"wp:attachment":[{"href":"https:\/\/inlandbreastandbody.com\/es\/wp-json\/wp\/v2\/media?parent=867"}],"curies":[{"name":"wp","href":"https:\/\/api.w.org\/{rel}","templated":true}]}}